{"id":649,"date":"2024-07-15T21:44:36","date_gmt":"2024-07-16T00:44:36","guid":{"rendered":"https:\/\/bellocapricho.com.br\/loja\/?post_type=product&#038;p=649"},"modified":"2026-04-04T12:35:28","modified_gmt":"2026-04-04T15:35:28","slug":"lava-roupas-2l-flores-da-serra","status":"publish","type":"product","link":"https:\/\/bellocapricho.com.br\/loja\/index.php\/produto\/lava-roupas-2l-flores-da-serra\/","title":{"rendered":"Lava Roupas 2L &#8211; Flores da Serra"},"content":{"rendered":"<p>Indicado para lavagem de todos os tipos de roupas. Sua f\u00f3rmula equilibrada possui maior efici\u00eancia na remo\u00e7\u00e3o de sujeiras, deixando suas roupas mais limpas.<\/p>\n","protected":false},"excerpt":{"rendered":"<p>Indicado para lavagem de todos os tipos de roupas. Sua f\u00f3rmula equilibrada possui maior efici\u00eancia na remo\u00e7\u00e3o de sujeiras, deixando suas roupas mais limpas.<\/p>\n","protected":false},"featured_media":650,"template":"","meta":[],"product_brand":[],"product_cat":[42],"product_tag":[],"class_list":{"0":"post-649","1":"product","2":"type-product","3":"status-publish","4":"has-post-thumbnail","6":"product_cat-lavanderia","8":"first","9":"instock","10":"shipping-taxable","11":"purchasable","12":"product-type-simple"},"_links":{"self":[{"href":"https:\/\/bellocapricho.com.br\/loja\/index.php\/wp-json\/wp\/v2\/product\/649","targetHints":{"allow":["GET"]}}],"collection":[{"href":"https:\/\/bellocapricho.com.br\/loja\/index.php\/wp-json\/wp\/v2\/product"}],"about":[{"href":"https:\/\/bellocapricho.com.br\/loja\/index.php\/wp-json\/wp\/v2\/types\/product"}],"wp:featuredmedia":[{"embeddable":true,"href":"https:\/\/bellocapricho.com.br\/loja\/index.php\/wp-json\/wp\/v2\/media\/650"}],"wp:attachment":[{"href":"https:\/\/bellocapricho.com.br\/loja\/index.php\/wp-json\/wp\/v2\/media?parent=649"}],"wp:term":[{"taxonomy":"product_brand","embeddable":true,"href":"https:\/\/bellocapricho.com.br\/loja\/index.php\/wp-json\/wp\/v2\/product_brand?post=649"},{"taxonomy":"product_cat","embeddable":true,"href":"https:\/\/bellocapricho.com.br\/loja\/index.php\/wp-json\/wp\/v2\/product_cat?post=649"},{"taxonomy":"product_tag","embeddable":true,"href":"https:\/\/bellocapricho.com.br\/loja\/index.php\/wp-json\/wp\/v2\/product_tag?post=649"}],"curies":[{"name":"wp","href":"https:\/\/api.w.org\/{rel}","templated":true}]}}