{"id":643,"date":"2024-07-15T21:27:57","date_gmt":"2024-07-16T00:27:57","guid":{"rendered":"https:\/\/bellocapricho.com.br\/loja\/?post_type=product&#038;p=643"},"modified":"2026-04-04T18:50:10","modified_gmt":"2026-04-04T21:50:10","slug":"amaciante-de-roupas-5l-encanto","status":"publish","type":"product","link":"https:\/\/bellocapricho.com.br\/loja\/index.php\/produto\/amaciante-de-roupas-5l-encanto\/","title":{"rendered":"Amaciante de Roupas 5L &#8211; Encanto"},"content":{"rendered":"<p>O AMACIANTE DE ROUPAS GUIMAR\u00c3ES PREMIUM protege as fibras do desgaste natural e deixam suas roupas mais macias. Possui c\u00e1psulas de fragr\u00e2ncias que deixam um agrad\u00e1vel perfume por mais tempo.<\/p>\n","protected":false},"excerpt":{"rendered":"<p>O AMACIANTE DE ROUPAS GUIMAR\u00c3ES PREMIUM protege as fibras do desgaste natural e deixam suas roupas mais macias. Possui c\u00e1psulas de fragr\u00e2ncias que deixam um agrad\u00e1vel perfume por mais tempo.<\/p>\n","protected":false},"featured_media":644,"template":"","meta":[],"product_brand":[],"product_cat":[59,42],"product_tag":[],"class_list":{"0":"post-643","1":"product","2":"type-product","3":"status-publish","4":"has-post-thumbnail","6":"product_cat-amaciantes","7":"product_cat-lavanderia","9":"first","10":"instock","11":"shipping-taxable","12":"purchasable","13":"product-type-simple"},"_links":{"self":[{"href":"https:\/\/bellocapricho.com.br\/loja\/index.php\/wp-json\/wp\/v2\/product\/643","targetHints":{"allow":["GET"]}}],"collection":[{"href":"https:\/\/bellocapricho.com.br\/loja\/index.php\/wp-json\/wp\/v2\/product"}],"about":[{"href":"https:\/\/bellocapricho.com.br\/loja\/index.php\/wp-json\/wp\/v2\/types\/product"}],"wp:featuredmedia":[{"embeddable":true,"href":"https:\/\/bellocapricho.com.br\/loja\/index.php\/wp-json\/wp\/v2\/media\/644"}],"wp:attachment":[{"href":"https:\/\/bellocapricho.com.br\/loja\/index.php\/wp-json\/wp\/v2\/media?parent=643"}],"wp:term":[{"taxonomy":"product_brand","embeddable":true,"href":"https:\/\/bellocapricho.com.br\/loja\/index.php\/wp-json\/wp\/v2\/product_brand?post=643"},{"taxonomy":"product_cat","embeddable":true,"href":"https:\/\/bellocapricho.com.br\/loja\/index.php\/wp-json\/wp\/v2\/product_cat?post=643"},{"taxonomy":"product_tag","embeddable":true,"href":"https:\/\/bellocapricho.com.br\/loja\/index.php\/wp-json\/wp\/v2\/product_tag?post=643"}],"curies":[{"name":"wp","href":"https:\/\/api.w.org\/{rel}","templated":true}]}}