{"id":606,"date":"2024-07-15T19:42:45","date_gmt":"2024-07-15T22:42:45","guid":{"rendered":"https:\/\/bellocapricho.com.br\/loja\/?post_type=product&#038;p=606"},"modified":"2026-04-05T00:10:54","modified_gmt":"2026-04-05T03:10:54","slug":"amaciante-de-roupas-concentrados-1l-doce-momento","status":"publish","type":"product","link":"https:\/\/bellocapricho.com.br\/loja\/index.php\/produto\/amaciante-de-roupas-concentrados-1l-doce-momento\/","title":{"rendered":"Amaciante de Roupas Concentrado 1L &#8211; Doce Momento"},"content":{"rendered":"<p>O AMACIANTE DE ROUPAS CONCENTRADO GUIMAR\u00c3ES protege as fibras do desgaste natural e deixam suas roupas mais macias e muito mais perfumadas. Possui c\u00e1psulas de fragr\u00e2ncias que deixam um agrad\u00e1vel perfume por mais tempo.<\/p>\n","protected":false},"excerpt":{"rendered":"<p>O AMACIANTE DE ROUPAS CONCENTRADO GUIMAR\u00c3ES protege as fibras do desgaste natural e deixam suas roupas mais macias e muito mais perfumadas. Possui c\u00e1psulas de fragr\u00e2ncias que deixam um agrad\u00e1vel perfume por mais tempo.<\/p>\n","protected":false},"featured_media":622,"template":"","meta":[],"product_brand":[],"product_cat":[59,42],"product_tag":[],"class_list":{"0":"post-606","1":"product","2":"type-product","3":"status-publish","4":"has-post-thumbnail","6":"product_cat-amaciantes","7":"product_cat-lavanderia","9":"first","10":"instock","11":"shipping-taxable","12":"purchasable","13":"product-type-simple"},"_links":{"self":[{"href":"https:\/\/bellocapricho.com.br\/loja\/index.php\/wp-json\/wp\/v2\/product\/606","targetHints":{"allow":["GET"]}}],"collection":[{"href":"https:\/\/bellocapricho.com.br\/loja\/index.php\/wp-json\/wp\/v2\/product"}],"about":[{"href":"https:\/\/bellocapricho.com.br\/loja\/index.php\/wp-json\/wp\/v2\/types\/product"}],"wp:featuredmedia":[{"embeddable":true,"href":"https:\/\/bellocapricho.com.br\/loja\/index.php\/wp-json\/wp\/v2\/media\/622"}],"wp:attachment":[{"href":"https:\/\/bellocapricho.com.br\/loja\/index.php\/wp-json\/wp\/v2\/media?parent=606"}],"wp:term":[{"taxonomy":"product_brand","embeddable":true,"href":"https:\/\/bellocapricho.com.br\/loja\/index.php\/wp-json\/wp\/v2\/product_brand?post=606"},{"taxonomy":"product_cat","embeddable":true,"href":"https:\/\/bellocapricho.com.br\/loja\/index.php\/wp-json\/wp\/v2\/product_cat?post=606"},{"taxonomy":"product_tag","embeddable":true,"href":"https:\/\/bellocapricho.com.br\/loja\/index.php\/wp-json\/wp\/v2\/product_tag?post=606"}],"curies":[{"name":"wp","href":"https:\/\/api.w.org\/{rel}","templated":true}]}}