{"id":596,"date":"2024-05-23T20:51:10","date_gmt":"2024-05-23T23:51:10","guid":{"rendered":"https:\/\/bellocapricho.com.br\/loja\/?post_type=product&#038;p=596"},"modified":"2026-04-04T12:35:36","modified_gmt":"2026-04-04T15:35:36","slug":"lava-autos-com-cera-de-carnauba-5l","status":"publish","type":"product","link":"https:\/\/bellocapricho.com.br\/loja\/index.php\/produto\/lava-autos-com-cera-de-carnauba-5l\/","title":{"rendered":"Lava Autos com cera de carna\u00faba 5L"},"content":{"rendered":"<p>O LAVA AUTOS COM CERA GUIMAR\u00c3ES foi desenvolvido como uma solu\u00e7\u00e3o pr\u00e1tica para limpar e dar brilho de uma s\u00f3 vez. Sua f\u00f3rmula com cera de carna\u00faba remove a sujeira com facilidade, recupera o brilho e deixa uma pel\u00edcula protetora na superf\u00edcie.<\/p>\n","protected":false},"excerpt":{"rendered":"<p>O LAVA AUTOS COM CERA GUIMAR\u00c3ES foi desenvolvido como uma solu\u00e7\u00e3o pr\u00e1tica para limpar e dar brilho de uma s\u00f3 vez. Sua f\u00f3rmula com cera de carna\u00faba remove a sujeira com facilidade, recupera o brilho e deixa uma pel\u00edcula protetora na superf\u00edcie.<\/p>\n","protected":false},"featured_media":631,"template":"","meta":[],"product_brand":[],"product_cat":[51],"product_tag":[],"class_list":{"0":"post-596","1":"product","2":"type-product","3":"status-publish","4":"has-post-thumbnail","6":"product_cat-automotivos","8":"first","9":"instock","10":"shipping-taxable","11":"purchasable","12":"product-type-simple"},"_links":{"self":[{"href":"https:\/\/bellocapricho.com.br\/loja\/index.php\/wp-json\/wp\/v2\/product\/596","targetHints":{"allow":["GET"]}}],"collection":[{"href":"https:\/\/bellocapricho.com.br\/loja\/index.php\/wp-json\/wp\/v2\/product"}],"about":[{"href":"https:\/\/bellocapricho.com.br\/loja\/index.php\/wp-json\/wp\/v2\/types\/product"}],"wp:featuredmedia":[{"embeddable":true,"href":"https:\/\/bellocapricho.com.br\/loja\/index.php\/wp-json\/wp\/v2\/media\/631"}],"wp:attachment":[{"href":"https:\/\/bellocapricho.com.br\/loja\/index.php\/wp-json\/wp\/v2\/media?parent=596"}],"wp:term":[{"taxonomy":"product_brand","embeddable":true,"href":"https:\/\/bellocapricho.com.br\/loja\/index.php\/wp-json\/wp\/v2\/product_brand?post=596"},{"taxonomy":"product_cat","embeddable":true,"href":"https:\/\/bellocapricho.com.br\/loja\/index.php\/wp-json\/wp\/v2\/product_cat?post=596"},{"taxonomy":"product_tag","embeddable":true,"href":"https:\/\/bellocapricho.com.br\/loja\/index.php\/wp-json\/wp\/v2\/product_tag?post=596"}],"curies":[{"name":"wp","href":"https:\/\/api.w.org\/{rel}","templated":true}]}}