{"id":1847,"date":"2026-02-25T17:26:07","date_gmt":"2026-02-25T20:26:07","guid":{"rendered":"https:\/\/bellocapricho.com.br\/loja\/?post_type=product&#038;p=1847"},"modified":"2026-04-03T15:47:39","modified_gmt":"2026-04-03T18:47:39","slug":"limpador-perfumado-de-ambientes-coala-120-ml-flor-de-cacto","status":"publish","type":"product","link":"https:\/\/bellocapricho.com.br\/loja\/index.php\/produto\/limpador-perfumado-de-ambientes-coala-120-ml-flor-de-cacto\/","title":{"rendered":"Limpador Perfumado de Ambientes Coala 120 ml \u2013 Flor de Cacto"},"content":{"rendered":"<p>Com Coala Ess\u00eancias &#8211; Limpador Perfumado de Ambientes Flor de Cacto, seu ambiente vai ficar limpo e com um aroma incr\u00edvel.<\/p>\n<p>Al\u00e9m de poder ser usada em todos os ambientes, a Coala Ess\u00eancias &#8211; Limpador Perfumado de Ambientes Flor de Cacto\u00a0tamb\u00e9m:<\/p>\n<p>&#8211; Garante a sensa\u00e7\u00e3o prolongada de limpeza e bem-estar;<\/p>\n<p>&#8211; Tem perfume duradouro,<\/p>\n<p>&#8211; Fragr\u00e2ncia agrad\u00e1vel.<\/p>\n","protected":false},"excerpt":{"rendered":"<p>Com Coala Ess\u00eancias &#8211; Limpador Perfumado de Ambientes Flor de Cacto, seu ambiente vai ficar limpo e com um aroma incr\u00edvel. Al\u00e9m de poder ser usada em todos os ambientes, a Coala Ess\u00eancias &#8211; Limpador Perfumado de Ambientes Flor de Cacto\u00a0tamb\u00e9m: &#8211; Garante a sensa\u00e7\u00e3o&hellip;<\/p>\n","protected":false},"featured_media":1848,"template":"","meta":[],"product_brand":[],"product_cat":[55],"product_tag":[],"class_list":{"0":"post-1847","1":"product","2":"type-product","3":"status-publish","4":"has-post-thumbnail","6":"product_cat-essencias","8":"first","9":"instock","10":"shipping-taxable","11":"purchasable","12":"product-type-simple"},"_links":{"self":[{"href":"https:\/\/bellocapricho.com.br\/loja\/index.php\/wp-json\/wp\/v2\/product\/1847","targetHints":{"allow":["GET"]}}],"collection":[{"href":"https:\/\/bellocapricho.com.br\/loja\/index.php\/wp-json\/wp\/v2\/product"}],"about":[{"href":"https:\/\/bellocapricho.com.br\/loja\/index.php\/wp-json\/wp\/v2\/types\/product"}],"wp:featuredmedia":[{"embeddable":true,"href":"https:\/\/bellocapricho.com.br\/loja\/index.php\/wp-json\/wp\/v2\/media\/1848"}],"wp:attachment":[{"href":"https:\/\/bellocapricho.com.br\/loja\/index.php\/wp-json\/wp\/v2\/media?parent=1847"}],"wp:term":[{"taxonomy":"product_brand","embeddable":true,"href":"https:\/\/bellocapricho.com.br\/loja\/index.php\/wp-json\/wp\/v2\/product_brand?post=1847"},{"taxonomy":"product_cat","embeddable":true,"href":"https:\/\/bellocapricho.com.br\/loja\/index.php\/wp-json\/wp\/v2\/product_cat?post=1847"},{"taxonomy":"product_tag","embeddable":true,"href":"https:\/\/bellocapricho.com.br\/loja\/index.php\/wp-json\/wp\/v2\/product_tag?post=1847"}],"curies":[{"name":"wp","href":"https:\/\/api.w.org\/{rel}","templated":true}]}}