{"id":1843,"date":"2026-02-25T16:32:05","date_gmt":"2026-02-25T19:32:05","guid":{"rendered":"https:\/\/bellocapricho.com.br\/loja\/?post_type=product&#038;p=1843"},"modified":"2026-04-03T15:42:23","modified_gmt":"2026-04-03T18:42:23","slug":"cloro-granulado-10kg-multiacao-5-em-1-sanpool","status":"publish","type":"product","link":"https:\/\/bellocapricho.com.br\/loja\/index.php\/produto\/cloro-granulado-10kg-multiacao-5-em-1-sanpool\/","title":{"rendered":"Cloro Granulado 10Kg Multia\u00e7\u00e3o 5 em 1 Sanpool"},"content":{"rendered":"<p>Indicado para todos os tipos de piscinas : de fibra, vinil, azulejo e pintura.<\/p>\n<p>Ele \u00e9 Multia\u00e7\u00e3o, praticidade e economia !<\/p>\n<div dir=\"auto\">&#8211; Bactericida<\/div>\n<div dir=\"auto\">&#8211; Elimina e evita prolifera\u00e7\u00e3o de algas<\/div>\n<div dir=\"auto\">&#8211; N\u00e3o altera e estabiliza o pH<\/div>\n<div dir=\"auto\">&#8211; Teor de cloro ativo: 20%<\/div>\n","protected":false},"excerpt":{"rendered":"<p>Indicado para todos os tipos de piscinas : de fibra, vinil, azulejo e pintura. Ele \u00e9 Multia\u00e7\u00e3o, praticidade e economia ! &#8211; Bactericida &#8211; Elimina e evita prolifera\u00e7\u00e3o de algas &#8211; N\u00e3o altera e estabiliza o pH &#8211; Teor de cloro ativo: 20%<\/p>\n","protected":false},"featured_media":1844,"template":"","meta":[],"product_brand":[],"product_cat":[86],"product_tag":[],"class_list":{"0":"post-1843","1":"product","2":"type-product","3":"status-publish","4":"has-post-thumbnail","6":"product_cat-produtos-de-piscina","8":"first","9":"outofstock","10":"shipping-taxable","11":"purchasable","12":"product-type-simple"},"_links":{"self":[{"href":"https:\/\/bellocapricho.com.br\/loja\/index.php\/wp-json\/wp\/v2\/product\/1843","targetHints":{"allow":["GET"]}}],"collection":[{"href":"https:\/\/bellocapricho.com.br\/loja\/index.php\/wp-json\/wp\/v2\/product"}],"about":[{"href":"https:\/\/bellocapricho.com.br\/loja\/index.php\/wp-json\/wp\/v2\/types\/product"}],"wp:featuredmedia":[{"embeddable":true,"href":"https:\/\/bellocapricho.com.br\/loja\/index.php\/wp-json\/wp\/v2\/media\/1844"}],"wp:attachment":[{"href":"https:\/\/bellocapricho.com.br\/loja\/index.php\/wp-json\/wp\/v2\/media?parent=1843"}],"wp:term":[{"taxonomy":"product_brand","embeddable":true,"href":"https:\/\/bellocapricho.com.br\/loja\/index.php\/wp-json\/wp\/v2\/product_brand?post=1843"},{"taxonomy":"product_cat","embeddable":true,"href":"https:\/\/bellocapricho.com.br\/loja\/index.php\/wp-json\/wp\/v2\/product_cat?post=1843"},{"taxonomy":"product_tag","embeddable":true,"href":"https:\/\/bellocapricho.com.br\/loja\/index.php\/wp-json\/wp\/v2\/product_tag?post=1843"}],"curies":[{"name":"wp","href":"https:\/\/api.w.org\/{rel}","templated":true}]}}