{"id":1768,"date":"2026-02-10T16:18:46","date_gmt":"2026-02-10T19:18:46","guid":{"rendered":"https:\/\/bellocapricho.com.br\/loja\/?post_type=product&#038;p=1768"},"modified":"2026-04-04T10:30:04","modified_gmt":"2026-04-04T13:30:04","slug":"limpa-pedra-5l-cleanshop","status":"publish","type":"product","link":"https:\/\/bellocapricho.com.br\/loja\/index.php\/produto\/limpa-pedra-5l-cleanshop\/","title":{"rendered":"Limpa Pedra 5L &#8211; CleanShop"},"content":{"rendered":"<p>O Limpa Pedra 5L \u00e9 um desincrustante \u00e1cido concentrado desenvolvido para limpeza pesada e remo\u00e7\u00e3o de sujeiras, encardidos, fuligem, ferrugem e restos de cimento em pisos r\u00fasticos e pedras naturais.<\/p>\n","protected":false},"excerpt":{"rendered":"<p>O Limpa Pedra 5L \u00e9 um desincrustante \u00e1cido concentrado desenvolvido para limpeza pesada e remo\u00e7\u00e3o de sujeiras, encardidos, fuligem, ferrugem e restos de cimento em pisos r\u00fasticos e pedras naturais.<\/p>\n","protected":false},"featured_media":1769,"template":"","meta":[],"product_brand":[],"product_cat":[19],"product_tag":[],"class_list":{"0":"post-1768","1":"product","2":"type-product","3":"status-publish","4":"has-post-thumbnail","6":"product_cat-limpeza-pesada","8":"first","9":"instock","10":"shipping-taxable","11":"purchasable","12":"product-type-simple"},"_links":{"self":[{"href":"https:\/\/bellocapricho.com.br\/loja\/index.php\/wp-json\/wp\/v2\/product\/1768","targetHints":{"allow":["GET"]}}],"collection":[{"href":"https:\/\/bellocapricho.com.br\/loja\/index.php\/wp-json\/wp\/v2\/product"}],"about":[{"href":"https:\/\/bellocapricho.com.br\/loja\/index.php\/wp-json\/wp\/v2\/types\/product"}],"wp:featuredmedia":[{"embeddable":true,"href":"https:\/\/bellocapricho.com.br\/loja\/index.php\/wp-json\/wp\/v2\/media\/1769"}],"wp:attachment":[{"href":"https:\/\/bellocapricho.com.br\/loja\/index.php\/wp-json\/wp\/v2\/media?parent=1768"}],"wp:term":[{"taxonomy":"product_brand","embeddable":true,"href":"https:\/\/bellocapricho.com.br\/loja\/index.php\/wp-json\/wp\/v2\/product_brand?post=1768"},{"taxonomy":"product_cat","embeddable":true,"href":"https:\/\/bellocapricho.com.br\/loja\/index.php\/wp-json\/wp\/v2\/product_cat?post=1768"},{"taxonomy":"product_tag","embeddable":true,"href":"https:\/\/bellocapricho.com.br\/loja\/index.php\/wp-json\/wp\/v2\/product_tag?post=1768"}],"curies":[{"name":"wp","href":"https:\/\/api.w.org\/{rel}","templated":true}]}}