{"id":1766,"date":"2026-02-10T16:15:02","date_gmt":"2026-02-10T19:15:02","guid":{"rendered":"https:\/\/bellocapricho.com.br\/loja\/?post_type=product&#038;p=1766"},"modified":"2026-04-08T09:49:27","modified_gmt":"2026-04-08T12:49:27","slug":"alcool-etilico-hidratado-928-inpm-1l-cleanshop","status":"publish","type":"product","link":"https:\/\/bellocapricho.com.br\/loja\/index.php\/produto\/alcool-etilico-hidratado-928-inpm-1l-cleanshop\/","title":{"rendered":"\u00c1lcool Et\u00edlico Hidratado 92,8\u00b0 INPM 1L &#8211; CleanShop"},"content":{"rendered":"<p>O \u00e1lcool 92,8% \u00e9 usado principalmente como um limpador de superf\u00edcies profissional e solvente, sendo especialmente eficaz para limpar vidros e espelhos sem deixar res\u00edduos ou manchas. No entanto, ele n\u00e3o \u00e9 o produto ideal para desinfec\u00e7\u00e3o de m\u00e3os ou superf\u00edcies para combater v\u00edrus e bact\u00e9rias.<\/p>\n","protected":false},"excerpt":{"rendered":"<p>O \u00e1lcool 92,8% \u00e9 usado principalmente como um limpador de superf\u00edcies profissional e solvente, sendo especialmente eficaz para limpar vidros e espelhos sem deixar res\u00edduos ou manchas. No entanto, ele n\u00e3o \u00e9 o produto ideal para desinfec\u00e7\u00e3o de m\u00e3os ou superf\u00edcies para combater v\u00edrus e&hellip;<\/p>\n","protected":false},"featured_media":1767,"template":"","meta":[],"product_brand":[],"product_cat":[52],"product_tag":[],"class_list":{"0":"post-1766","1":"product","2":"type-product","3":"status-publish","4":"has-post-thumbnail","6":"product_cat-diversos","8":"first","9":"instock","10":"shipping-taxable","11":"purchasable","12":"product-type-simple"},"_links":{"self":[{"href":"https:\/\/bellocapricho.com.br\/loja\/index.php\/wp-json\/wp\/v2\/product\/1766","targetHints":{"allow":["GET"]}}],"collection":[{"href":"https:\/\/bellocapricho.com.br\/loja\/index.php\/wp-json\/wp\/v2\/product"}],"about":[{"href":"https:\/\/bellocapricho.com.br\/loja\/index.php\/wp-json\/wp\/v2\/types\/product"}],"wp:featuredmedia":[{"embeddable":true,"href":"https:\/\/bellocapricho.com.br\/loja\/index.php\/wp-json\/wp\/v2\/media\/1767"}],"wp:attachment":[{"href":"https:\/\/bellocapricho.com.br\/loja\/index.php\/wp-json\/wp\/v2\/media?parent=1766"}],"wp:term":[{"taxonomy":"product_brand","embeddable":true,"href":"https:\/\/bellocapricho.com.br\/loja\/index.php\/wp-json\/wp\/v2\/product_brand?post=1766"},{"taxonomy":"product_cat","embeddable":true,"href":"https:\/\/bellocapricho.com.br\/loja\/index.php\/wp-json\/wp\/v2\/product_cat?post=1766"},{"taxonomy":"product_tag","embeddable":true,"href":"https:\/\/bellocapricho.com.br\/loja\/index.php\/wp-json\/wp\/v2\/product_tag?post=1766"}],"curies":[{"name":"wp","href":"https:\/\/api.w.org\/{rel}","templated":true}]}}