{"id":1764,"date":"2026-02-10T16:10:08","date_gmt":"2026-02-10T19:10:08","guid":{"rendered":"https:\/\/bellocapricho.com.br\/loja\/?post_type=product&#038;p=1764"},"modified":"2026-04-04T10:30:04","modified_gmt":"2026-04-04T13:30:04","slug":"alcool-etilico-hidratado-70-inpm-1l-cleanshop","status":"publish","type":"product","link":"https:\/\/bellocapricho.com.br\/loja\/index.php\/produto\/alcool-etilico-hidratado-70-inpm-1l-cleanshop\/","title":{"rendered":"\u00c1lcool Et\u00edlico Hidratado 70\u00b0 INPM 1L &#8211; CleanShop"},"content":{"rendered":"<p>\u00c9 um desinfetante de n\u00edvel intermedi\u00e1rio e antiss\u00e9ptico eficiente, composto por 70% de \u00e1lcool e 30% de \u00e1gua. Ideal para desinfec\u00e7\u00e3o de superf\u00edcies fixas, objetos (term\u00f4metros, estetosc\u00f3pios) e uso em ambientes hospitalares\/cl\u00ednicos, eliminando 99,9% das bact\u00e9rias. \u00c9 um produto inflam\u00e1vel, n\u00e3o indicado para esteriliza\u00e7\u00e3o de materiais cir\u00fargicos. <\/p>\n","protected":false},"excerpt":{"rendered":"<p>\u00c9 um desinfetante de n\u00edvel intermedi\u00e1rio e antiss\u00e9ptico eficiente, composto por 70% de \u00e1lcool e 30% de \u00e1gua. Ideal para desinfec\u00e7\u00e3o de superf\u00edcies fixas, objetos (term\u00f4metros, estetosc\u00f3pios) e uso em ambientes hospitalares\/cl\u00ednicos, eliminando 99,9% das bact\u00e9rias. \u00c9 um produto inflam\u00e1vel, n\u00e3o indicado para esteriliza\u00e7\u00e3o de&hellip;<\/p>\n","protected":false},"featured_media":1765,"template":"","meta":[],"product_brand":[],"product_cat":[52],"product_tag":[],"class_list":{"0":"post-1764","1":"product","2":"type-product","3":"status-publish","4":"has-post-thumbnail","6":"product_cat-diversos","8":"first","9":"instock","10":"shipping-taxable","11":"purchasable","12":"product-type-simple"},"_links":{"self":[{"href":"https:\/\/bellocapricho.com.br\/loja\/index.php\/wp-json\/wp\/v2\/product\/1764","targetHints":{"allow":["GET"]}}],"collection":[{"href":"https:\/\/bellocapricho.com.br\/loja\/index.php\/wp-json\/wp\/v2\/product"}],"about":[{"href":"https:\/\/bellocapricho.com.br\/loja\/index.php\/wp-json\/wp\/v2\/types\/product"}],"wp:featuredmedia":[{"embeddable":true,"href":"https:\/\/bellocapricho.com.br\/loja\/index.php\/wp-json\/wp\/v2\/media\/1765"}],"wp:attachment":[{"href":"https:\/\/bellocapricho.com.br\/loja\/index.php\/wp-json\/wp\/v2\/media?parent=1764"}],"wp:term":[{"taxonomy":"product_brand","embeddable":true,"href":"https:\/\/bellocapricho.com.br\/loja\/index.php\/wp-json\/wp\/v2\/product_brand?post=1764"},{"taxonomy":"product_cat","embeddable":true,"href":"https:\/\/bellocapricho.com.br\/loja\/index.php\/wp-json\/wp\/v2\/product_cat?post=1764"},{"taxonomy":"product_tag","embeddable":true,"href":"https:\/\/bellocapricho.com.br\/loja\/index.php\/wp-json\/wp\/v2\/product_tag?post=1764"}],"curies":[{"name":"wp","href":"https:\/\/api.w.org\/{rel}","templated":true}]}}