{"id":1762,"date":"2026-02-10T16:06:28","date_gmt":"2026-02-10T19:06:28","guid":{"rendered":"https:\/\/bellocapricho.com.br\/loja\/?post_type=product&#038;p=1762"},"modified":"2026-04-04T12:20:08","modified_gmt":"2026-04-04T15:20:08","slug":"alcool-flops-46-inpm-1l","status":"publish","type":"product","link":"https:\/\/bellocapricho.com.br\/loja\/index.php\/produto\/alcool-flops-46-inpm-1l\/","title":{"rendered":"\u00c1lcool Flops 46\u00b0 INPM 1L"},"content":{"rendered":"<p>O \u00c1lcool Flops 46\u00b0 INPM 1L \u00e9 um limpador de uso geral com 46,2% de concentra\u00e7\u00e3o alco\u00f3lica e 54% de \u00e1gua. \u00c9 ideal para desinfec\u00e7\u00e3o de superf\u00edcies como pisos, azulejos, f\u00f3rmicas e vidros, eliminando bact\u00e9rias e sujeiras com a\u00e7\u00e3o desengordurante e desincrustante.<\/p>\n","protected":false},"excerpt":{"rendered":"<p>O \u00c1lcool Flops 46\u00b0 INPM 1L \u00e9 um limpador de uso geral com 46,2% de concentra\u00e7\u00e3o alco\u00f3lica e 54% de \u00e1gua. \u00c9 ideal para desinfec\u00e7\u00e3o de superf\u00edcies como pisos, azulejos, f\u00f3rmicas e vidros, eliminando bact\u00e9rias e sujeiras com a\u00e7\u00e3o desengordurante e desincrustante.<\/p>\n","protected":false},"featured_media":1763,"template":"","meta":[],"product_brand":[],"product_cat":[52],"product_tag":[],"class_list":{"0":"post-1762","1":"product","2":"type-product","3":"status-publish","4":"has-post-thumbnail","6":"product_cat-diversos","8":"first","9":"instock","10":"shipping-taxable","11":"purchasable","12":"product-type-simple"},"_links":{"self":[{"href":"https:\/\/bellocapricho.com.br\/loja\/index.php\/wp-json\/wp\/v2\/product\/1762","targetHints":{"allow":["GET"]}}],"collection":[{"href":"https:\/\/bellocapricho.com.br\/loja\/index.php\/wp-json\/wp\/v2\/product"}],"about":[{"href":"https:\/\/bellocapricho.com.br\/loja\/index.php\/wp-json\/wp\/v2\/types\/product"}],"wp:featuredmedia":[{"embeddable":true,"href":"https:\/\/bellocapricho.com.br\/loja\/index.php\/wp-json\/wp\/v2\/media\/1763"}],"wp:attachment":[{"href":"https:\/\/bellocapricho.com.br\/loja\/index.php\/wp-json\/wp\/v2\/media?parent=1762"}],"wp:term":[{"taxonomy":"product_brand","embeddable":true,"href":"https:\/\/bellocapricho.com.br\/loja\/index.php\/wp-json\/wp\/v2\/product_brand?post=1762"},{"taxonomy":"product_cat","embeddable":true,"href":"https:\/\/bellocapricho.com.br\/loja\/index.php\/wp-json\/wp\/v2\/product_cat?post=1762"},{"taxonomy":"product_tag","embeddable":true,"href":"https:\/\/bellocapricho.com.br\/loja\/index.php\/wp-json\/wp\/v2\/product_tag?post=1762"}],"curies":[{"name":"wp","href":"https:\/\/api.w.org\/{rel}","templated":true}]}}