{"id":1758,"date":"2026-02-10T15:51:56","date_gmt":"2026-02-10T18:51:56","guid":{"rendered":"https:\/\/bellocapricho.com.br\/loja\/?post_type=product&#038;p=1758"},"modified":"2026-04-04T10:30:11","modified_gmt":"2026-04-04T13:30:11","slug":"alcool-etilico-hidratado-462-inpm-1l-lavanda-italy","status":"publish","type":"product","link":"https:\/\/bellocapricho.com.br\/loja\/index.php\/produto\/alcool-etilico-hidratado-462-inpm-1l-lavanda-italy\/","title":{"rendered":"\u00c1lcool Et\u00edlico Hidratado 46,2\u00b0 INPM 1L Lavanda &#8211; Italy"},"content":{"rendered":"<p>\u00c9 um produto voltado principalmente para a limpeza dom\u00e9stica e de superf\u00edcies. Ele consiste em uma mistura de 46,2% de \u00e1lcool puro (por peso, segundo o INPM) e 54% de \u00e1gua, sendo um agente de limpeza pr\u00e1tico e comum em resid\u00eancias.  Ideal para desinfec\u00e7\u00e3o de superf\u00edcies, bancadas, azulejos, box de banheiro, chaves, materiais m\u00e9dicos (como term\u00f4metros) e objetos de uso di\u00e1rio.<\/p>\n","protected":false},"excerpt":{"rendered":"<p>\u00c9 um produto voltado principalmente para a limpeza dom\u00e9stica e de superf\u00edcies. Ele consiste em uma mistura de 46,2% de \u00e1lcool puro (por peso, segundo o INPM) e 54% de \u00e1gua, sendo um agente de limpeza pr\u00e1tico e comum em resid\u00eancias. Ideal para desinfec\u00e7\u00e3o de&hellip;<\/p>\n","protected":false},"featured_media":1759,"template":"","meta":[],"product_brand":[],"product_cat":[52],"product_tag":[],"class_list":{"0":"post-1758","1":"product","2":"type-product","3":"status-publish","4":"has-post-thumbnail","6":"product_cat-diversos","8":"first","9":"instock","10":"shipping-taxable","11":"purchasable","12":"product-type-simple"},"_links":{"self":[{"href":"https:\/\/bellocapricho.com.br\/loja\/index.php\/wp-json\/wp\/v2\/product\/1758","targetHints":{"allow":["GET"]}}],"collection":[{"href":"https:\/\/bellocapricho.com.br\/loja\/index.php\/wp-json\/wp\/v2\/product"}],"about":[{"href":"https:\/\/bellocapricho.com.br\/loja\/index.php\/wp-json\/wp\/v2\/types\/product"}],"wp:featuredmedia":[{"embeddable":true,"href":"https:\/\/bellocapricho.com.br\/loja\/index.php\/wp-json\/wp\/v2\/media\/1759"}],"wp:attachment":[{"href":"https:\/\/bellocapricho.com.br\/loja\/index.php\/wp-json\/wp\/v2\/media?parent=1758"}],"wp:term":[{"taxonomy":"product_brand","embeddable":true,"href":"https:\/\/bellocapricho.com.br\/loja\/index.php\/wp-json\/wp\/v2\/product_brand?post=1758"},{"taxonomy":"product_cat","embeddable":true,"href":"https:\/\/bellocapricho.com.br\/loja\/index.php\/wp-json\/wp\/v2\/product_cat?post=1758"},{"taxonomy":"product_tag","embeddable":true,"href":"https:\/\/bellocapricho.com.br\/loja\/index.php\/wp-json\/wp\/v2\/product_tag?post=1758"}],"curies":[{"name":"wp","href":"https:\/\/api.w.org\/{rel}","templated":true}]}}