{"id":1754,"date":"2026-02-10T15:40:42","date_gmt":"2026-02-10T18:40:42","guid":{"rendered":"https:\/\/bellocapricho.com.br\/loja\/?post_type=product&#038;p=1754"},"modified":"2026-04-04T10:30:04","modified_gmt":"2026-04-04T13:30:04","slug":"desengordurante-pitanga-1l-pettine","status":"publish","type":"product","link":"https:\/\/bellocapricho.com.br\/loja\/index.php\/produto\/desengordurante-pitanga-1l-pettine\/","title":{"rendered":"Desengordurante Pitanga 1L &#8211; Pettine"},"content":{"rendered":"<p>O Desengordurante de Pitanga Pettine \u00e9 um Detergente desengordurante com alta efici\u00eancia e tecnologia. Contem em sua formula\u00e7\u00e3o uma combinar\u00e3o de componentes de rapada a\u00e7\u00e3o que penetram na gordura e\/ou sujeira possibilitando assim, a f\u00e1cil remo\u00e7\u00e3o das mesmas. <\/p>\n<p>Ideal para a limpeza de grandes superf\u00edcies lav\u00e1veis para a remo\u00e7\u00e3o de gorduras como: \u00f3leos vegetais. res\u00edduos de graxa e outras incrusta\u00e7\u00f5es. Limpa com rapidez pisos, azulejos, maquin\u00e1rios e equipamentos de cozinhas. panifica\u00e7\u00f5es. coifas, a\u00e7ougues, banheiros, paredes, portas, inox, escrit\u00f3rios e no lar no dia a dia. Possui mais poder de limpeza e deixa um agrad\u00e1vel aroma de pitanga.<\/p>\n","protected":false},"excerpt":{"rendered":"<p>O Desengordurante de Pitanga Pettine \u00e9 um Detergente desengordurante com alta efici\u00eancia e tecnologia. Contem em sua formula\u00e7\u00e3o uma combinar\u00e3o de componentes de rapada a\u00e7\u00e3o que penetram na gordura e\/ou sujeira possibilitando assim, a f\u00e1cil remo\u00e7\u00e3o das mesmas. Ideal para a limpeza de grandes superf\u00edcies&hellip;<\/p>\n","protected":false},"featured_media":1755,"template":"","meta":[],"product_brand":[],"product_cat":[73],"product_tag":[],"class_list":{"0":"post-1754","1":"product","2":"type-product","3":"status-publish","4":"has-post-thumbnail","6":"product_cat-desengordurantes","8":"first","9":"outofstock","10":"shipping-taxable","11":"purchasable","12":"product-type-simple"},"_links":{"self":[{"href":"https:\/\/bellocapricho.com.br\/loja\/index.php\/wp-json\/wp\/v2\/product\/1754","targetHints":{"allow":["GET"]}}],"collection":[{"href":"https:\/\/bellocapricho.com.br\/loja\/index.php\/wp-json\/wp\/v2\/product"}],"about":[{"href":"https:\/\/bellocapricho.com.br\/loja\/index.php\/wp-json\/wp\/v2\/types\/product"}],"wp:featuredmedia":[{"embeddable":true,"href":"https:\/\/bellocapricho.com.br\/loja\/index.php\/wp-json\/wp\/v2\/media\/1755"}],"wp:attachment":[{"href":"https:\/\/bellocapricho.com.br\/loja\/index.php\/wp-json\/wp\/v2\/media?parent=1754"}],"wp:term":[{"taxonomy":"product_brand","embeddable":true,"href":"https:\/\/bellocapricho.com.br\/loja\/index.php\/wp-json\/wp\/v2\/product_brand?post=1754"},{"taxonomy":"product_cat","embeddable":true,"href":"https:\/\/bellocapricho.com.br\/loja\/index.php\/wp-json\/wp\/v2\/product_cat?post=1754"},{"taxonomy":"product_tag","embeddable":true,"href":"https:\/\/bellocapricho.com.br\/loja\/index.php\/wp-json\/wp\/v2\/product_tag?post=1754"}],"curies":[{"name":"wp","href":"https:\/\/api.w.org\/{rel}","templated":true}]}}