{"id":1708,"date":"2026-02-09T17:05:41","date_gmt":"2026-02-09T20:05:41","guid":{"rendered":"https:\/\/bellocapricho.com.br\/loja\/?post_type=product&#038;p=1708"},"modified":"2026-04-04T18:50:29","modified_gmt":"2026-04-04T21:50:29","slug":"qboa-multiuso-inox-e-vidro-500ml","status":"publish","type":"product","link":"https:\/\/bellocapricho.com.br\/loja\/index.php\/produto\/qboa-multiuso-inox-e-vidro-500ml\/","title":{"rendered":"Qboa Multiuso Inox e Vidro 500ml"},"content":{"rendered":"<p>O multiuso Qboa 2 em 1 \u00e9 a solu\u00e7\u00e3o ideal para a limpeza de superf\u00edcies de inox, vidros e espelhos. Ele remove rapidamente a sujeira das superf\u00edcies proporcionando brilho intenso sem deixar riscos ou manchas e com secagem r\u00e1pida.<\/p>\n","protected":false},"excerpt":{"rendered":"<p>O multiuso Qboa 2 em 1 \u00e9 a solu\u00e7\u00e3o ideal para a limpeza de superf\u00edcies de inox, vidros e espelhos. Ele remove rapidamente a sujeira das superf\u00edcies proporcionando brilho intenso sem deixar riscos ou manchas e com secagem r\u00e1pida.<\/p>\n","protected":false},"featured_media":1709,"template":"","meta":[],"product_brand":[],"product_cat":[52,61],"product_tag":[],"class_list":{"0":"post-1708","1":"product","2":"type-product","3":"status-publish","4":"has-post-thumbnail","6":"product_cat-diversos","7":"product_cat-limpa-vidros","9":"first","10":"instock","11":"shipping-taxable","12":"purchasable","13":"product-type-simple"},"_links":{"self":[{"href":"https:\/\/bellocapricho.com.br\/loja\/index.php\/wp-json\/wp\/v2\/product\/1708","targetHints":{"allow":["GET"]}}],"collection":[{"href":"https:\/\/bellocapricho.com.br\/loja\/index.php\/wp-json\/wp\/v2\/product"}],"about":[{"href":"https:\/\/bellocapricho.com.br\/loja\/index.php\/wp-json\/wp\/v2\/types\/product"}],"wp:featuredmedia":[{"embeddable":true,"href":"https:\/\/bellocapricho.com.br\/loja\/index.php\/wp-json\/wp\/v2\/media\/1709"}],"wp:attachment":[{"href":"https:\/\/bellocapricho.com.br\/loja\/index.php\/wp-json\/wp\/v2\/media?parent=1708"}],"wp:term":[{"taxonomy":"product_brand","embeddable":true,"href":"https:\/\/bellocapricho.com.br\/loja\/index.php\/wp-json\/wp\/v2\/product_brand?post=1708"},{"taxonomy":"product_cat","embeddable":true,"href":"https:\/\/bellocapricho.com.br\/loja\/index.php\/wp-json\/wp\/v2\/product_cat?post=1708"},{"taxonomy":"product_tag","embeddable":true,"href":"https:\/\/bellocapricho.com.br\/loja\/index.php\/wp-json\/wp\/v2\/product_tag?post=1708"}],"curies":[{"name":"wp","href":"https:\/\/api.w.org\/{rel}","templated":true}]}}