{"id":1702,"date":"2026-02-09T15:33:29","date_gmt":"2026-02-09T18:33:29","guid":{"rendered":"https:\/\/bellocapricho.com.br\/loja\/?post_type=product&#038;p=1702"},"modified":"2026-04-04T15:11:10","modified_gmt":"2026-04-04T18:11:10","slug":"limpa-vidros-suprema-4-em-1-500ml","status":"publish","type":"product","link":"https:\/\/bellocapricho.com.br\/loja\/index.php\/produto\/limpa-vidros-suprema-4-em-1-500ml\/","title":{"rendered":"Limpa Vidros Suprema 4 em 1 500ml"},"content":{"rendered":"<p>Descubra os principais benef\u00edcios do Limpa Vidros Suprema e torne a sua limpeza mais eficiente e satisfat\u00f3ria.<br \/>\nF\u00e1cil aplica\u00e7\u00e3o em diversas superf\u00edcies: O Limpa Vidros Suprema pode ser utilizado em janelas, espelhos, tampos de mesa, vitrines e para-brisa, tornando a limpeza r\u00e1pida e f\u00e1cil em qualquer vidro.<br \/>\nRemo\u00e7\u00e3o eficaz de sujeira e manchas: Sua f\u00f3rmula poderosa permite a remo\u00e7\u00e3o f\u00e1cil e eficiente de sujeira e manchas, deixando as superf\u00edcies v\u00edtreas limpas e brilhantes.<br \/>\nProte\u00e7\u00e3o duradoura: Al\u00e9m de limpar, o Limpa Vidros Suprema possui subst\u00e2ncias que evitam o dep\u00f3sito de p\u00f3, polui\u00e7\u00e3o e \u00e1gua da chuva, mantendo as superf\u00edcies protegidas e limpas por mais tempo.<br \/>\nBrilho impec\u00e1vel: Com a presen\u00e7a de \u00e1lcool em sua f\u00f3rmula, o Limpa Vidros Suprema garante o brilho desejado pelas consumidoras, deixando as superf\u00edcies com um aspecto reluzente e agrad\u00e1vel. <\/p>\n","protected":false},"excerpt":{"rendered":"<p>Descubra os principais benef\u00edcios do Limpa Vidros Suprema e torne a sua limpeza mais eficiente e satisfat\u00f3ria. F\u00e1cil aplica\u00e7\u00e3o em diversas superf\u00edcies: O Limpa Vidros Suprema pode ser utilizado em janelas, espelhos, tampos de mesa, vitrines e para-brisa, tornando a limpeza r\u00e1pida e f\u00e1cil em&hellip;<\/p>\n","protected":false},"featured_media":1703,"template":"","meta":[],"product_brand":[],"product_cat":[61],"product_tag":[],"class_list":{"0":"post-1702","1":"product","2":"type-product","3":"status-publish","4":"has-post-thumbnail","6":"product_cat-limpa-vidros","8":"first","9":"instock","10":"shipping-taxable","11":"purchasable","12":"product-type-simple"},"_links":{"self":[{"href":"https:\/\/bellocapricho.com.br\/loja\/index.php\/wp-json\/wp\/v2\/product\/1702","targetHints":{"allow":["GET"]}}],"collection":[{"href":"https:\/\/bellocapricho.com.br\/loja\/index.php\/wp-json\/wp\/v2\/product"}],"about":[{"href":"https:\/\/bellocapricho.com.br\/loja\/index.php\/wp-json\/wp\/v2\/types\/product"}],"wp:featuredmedia":[{"embeddable":true,"href":"https:\/\/bellocapricho.com.br\/loja\/index.php\/wp-json\/wp\/v2\/media\/1703"}],"wp:attachment":[{"href":"https:\/\/bellocapricho.com.br\/loja\/index.php\/wp-json\/wp\/v2\/media?parent=1702"}],"wp:term":[{"taxonomy":"product_brand","embeddable":true,"href":"https:\/\/bellocapricho.com.br\/loja\/index.php\/wp-json\/wp\/v2\/product_brand?post=1702"},{"taxonomy":"product_cat","embeddable":true,"href":"https:\/\/bellocapricho.com.br\/loja\/index.php\/wp-json\/wp\/v2\/product_cat?post=1702"},{"taxonomy":"product_tag","embeddable":true,"href":"https:\/\/bellocapricho.com.br\/loja\/index.php\/wp-json\/wp\/v2\/product_tag?post=1702"}],"curies":[{"name":"wp","href":"https:\/\/api.w.org\/{rel}","templated":true}]}}