{"id":1700,"date":"2026-02-09T15:28:21","date_gmt":"2026-02-09T18:28:21","guid":{"rendered":"https:\/\/bellocapricho.com.br\/loja\/?post_type=product&#038;p=1700"},"modified":"2026-04-04T10:30:11","modified_gmt":"2026-04-04T13:30:11","slug":"vinagre-de-alcool-900ml-chemim","status":"publish","type":"product","link":"https:\/\/bellocapricho.com.br\/loja\/index.php\/produto\/vinagre-de-alcool-900ml-chemim\/","title":{"rendered":"Vinagre de \u00c1lcool 900ml &#8211; Chemim"},"content":{"rendered":"<p>O Vinagre de \u00c1lcool Chemim, produzido no Brasil desde 1976, \u00e9 um condimento vers\u00e1til conhecido por sua acidez limpa e intensa. Ideal para temperar saladas, marinadas, conservas e limpeza dom\u00e9stica<\/p>\n","protected":false},"excerpt":{"rendered":"<p>O Vinagre de \u00c1lcool Chemim, produzido no Brasil desde 1976, \u00e9 um condimento vers\u00e1til conhecido por sua acidez limpa e intensa. Ideal para temperar saladas, marinadas, conservas e limpeza dom\u00e9stica<\/p>\n","protected":false},"featured_media":1701,"template":"","meta":[],"product_brand":[],"product_cat":[52],"product_tag":[],"class_list":{"0":"post-1700","1":"product","2":"type-product","3":"status-publish","4":"has-post-thumbnail","6":"product_cat-diversos","8":"first","9":"instock","10":"shipping-taxable","11":"purchasable","12":"product-type-simple"},"_links":{"self":[{"href":"https:\/\/bellocapricho.com.br\/loja\/index.php\/wp-json\/wp\/v2\/product\/1700","targetHints":{"allow":["GET"]}}],"collection":[{"href":"https:\/\/bellocapricho.com.br\/loja\/index.php\/wp-json\/wp\/v2\/product"}],"about":[{"href":"https:\/\/bellocapricho.com.br\/loja\/index.php\/wp-json\/wp\/v2\/types\/product"}],"wp:featuredmedia":[{"embeddable":true,"href":"https:\/\/bellocapricho.com.br\/loja\/index.php\/wp-json\/wp\/v2\/media\/1701"}],"wp:attachment":[{"href":"https:\/\/bellocapricho.com.br\/loja\/index.php\/wp-json\/wp\/v2\/media?parent=1700"}],"wp:term":[{"taxonomy":"product_brand","embeddable":true,"href":"https:\/\/bellocapricho.com.br\/loja\/index.php\/wp-json\/wp\/v2\/product_brand?post=1700"},{"taxonomy":"product_cat","embeddable":true,"href":"https:\/\/bellocapricho.com.br\/loja\/index.php\/wp-json\/wp\/v2\/product_cat?post=1700"},{"taxonomy":"product_tag","embeddable":true,"href":"https:\/\/bellocapricho.com.br\/loja\/index.php\/wp-json\/wp\/v2\/product_tag?post=1700"}],"curies":[{"name":"wp","href":"https:\/\/api.w.org\/{rel}","templated":true}]}}