{"id":1697,"date":"2026-02-09T15:20:25","date_gmt":"2026-02-09T18:20:25","guid":{"rendered":"https:\/\/bellocapricho.com.br\/loja\/?post_type=product&#038;p=1697"},"modified":"2026-04-04T10:30:10","modified_gmt":"2026-04-04T13:30:10","slug":"vinagre-de-alcool-duplo-5l-heinig","status":"publish","type":"product","link":"https:\/\/bellocapricho.com.br\/loja\/index.php\/produto\/vinagre-de-alcool-duplo-5l-heinig\/","title":{"rendered":"Vinagre de \u00c1lcool Duplo 5L &#8211; Heinig"},"content":{"rendered":"<p>O vinagre de \u00e1lcool duplo foi desenvolvido duas vezes mais eficaz que o vinagre de \u00e1lcool comum. Possui uma concentra\u00e7\u00e3o de 8% de acidez, n\u00e3o cont\u00e9m corantes, conservantes, \u00e9 ecol\u00f3gico e biodegrad\u00e1vel. Perfeito para quem ama uma faxina bem-feita.<\/p>\n","protected":false},"excerpt":{"rendered":"<p>O vinagre de \u00e1lcool duplo foi desenvolvido duas vezes mais eficaz que o vinagre de \u00e1lcool comum. Possui uma concentra\u00e7\u00e3o de 8% de acidez, n\u00e3o cont\u00e9m corantes, conservantes, \u00e9 ecol\u00f3gico e biodegrad\u00e1vel. Perfeito para quem ama uma faxina bem-feita.<\/p>\n","protected":false},"featured_media":1698,"template":"","meta":[],"product_brand":[],"product_cat":[52],"product_tag":[],"class_list":{"0":"post-1697","1":"product","2":"type-product","3":"status-publish","4":"has-post-thumbnail","6":"product_cat-diversos","8":"first","9":"instock","10":"shipping-taxable","11":"purchasable","12":"product-type-simple"},"_links":{"self":[{"href":"https:\/\/bellocapricho.com.br\/loja\/index.php\/wp-json\/wp\/v2\/product\/1697","targetHints":{"allow":["GET"]}}],"collection":[{"href":"https:\/\/bellocapricho.com.br\/loja\/index.php\/wp-json\/wp\/v2\/product"}],"about":[{"href":"https:\/\/bellocapricho.com.br\/loja\/index.php\/wp-json\/wp\/v2\/types\/product"}],"wp:featuredmedia":[{"embeddable":true,"href":"https:\/\/bellocapricho.com.br\/loja\/index.php\/wp-json\/wp\/v2\/media\/1698"}],"wp:attachment":[{"href":"https:\/\/bellocapricho.com.br\/loja\/index.php\/wp-json\/wp\/v2\/media?parent=1697"}],"wp:term":[{"taxonomy":"product_brand","embeddable":true,"href":"https:\/\/bellocapricho.com.br\/loja\/index.php\/wp-json\/wp\/v2\/product_brand?post=1697"},{"taxonomy":"product_cat","embeddable":true,"href":"https:\/\/bellocapricho.com.br\/loja\/index.php\/wp-json\/wp\/v2\/product_cat?post=1697"},{"taxonomy":"product_tag","embeddable":true,"href":"https:\/\/bellocapricho.com.br\/loja\/index.php\/wp-json\/wp\/v2\/product_tag?post=1697"}],"curies":[{"name":"wp","href":"https:\/\/api.w.org\/{rel}","templated":true}]}}