{"id":1695,"date":"2026-02-09T15:17:36","date_gmt":"2026-02-09T18:17:36","guid":{"rendered":"https:\/\/bellocapricho.com.br\/loja\/?post_type=product&#038;p=1695"},"modified":"2026-04-04T10:30:10","modified_gmt":"2026-04-04T13:30:10","slug":"vinagre-de-alcool-5l-heinig","status":"publish","type":"product","link":"https:\/\/bellocapricho.com.br\/loja\/index.php\/produto\/vinagre-de-alcool-5l-heinig\/","title":{"rendered":"Vinagre de \u00c1lcool 5L &#8211; Heinig"},"content":{"rendered":"<p>Nosso vinagre de \u00e1lcool 5L \u00e9 perfeito para quem ama uma faxina bem-feita! Al\u00e9m de render in\u00fameras receitas deliciosas, \u00e9 ideal para o preparo de saladas, carnes variadas, para a elabora\u00e7\u00e3o de molhos frios e no preparo de conservas.<\/p>\n","protected":false},"excerpt":{"rendered":"<p>Nosso vinagre de \u00e1lcool 5L \u00e9 perfeito para quem ama uma faxina bem-feita! Al\u00e9m de render in\u00fameras receitas deliciosas, \u00e9 ideal para o preparo de saladas, carnes variadas, para a elabora\u00e7\u00e3o de molhos frios e no preparo de conservas.<\/p>\n","protected":false},"featured_media":1699,"template":"","meta":[],"product_brand":[],"product_cat":[52],"product_tag":[],"class_list":{"0":"post-1695","1":"product","2":"type-product","3":"status-publish","4":"has-post-thumbnail","6":"product_cat-diversos","8":"first","9":"instock","10":"shipping-taxable","11":"purchasable","12":"product-type-simple"},"_links":{"self":[{"href":"https:\/\/bellocapricho.com.br\/loja\/index.php\/wp-json\/wp\/v2\/product\/1695","targetHints":{"allow":["GET"]}}],"collection":[{"href":"https:\/\/bellocapricho.com.br\/loja\/index.php\/wp-json\/wp\/v2\/product"}],"about":[{"href":"https:\/\/bellocapricho.com.br\/loja\/index.php\/wp-json\/wp\/v2\/types\/product"}],"wp:featuredmedia":[{"embeddable":true,"href":"https:\/\/bellocapricho.com.br\/loja\/index.php\/wp-json\/wp\/v2\/media\/1699"}],"wp:attachment":[{"href":"https:\/\/bellocapricho.com.br\/loja\/index.php\/wp-json\/wp\/v2\/media?parent=1695"}],"wp:term":[{"taxonomy":"product_brand","embeddable":true,"href":"https:\/\/bellocapricho.com.br\/loja\/index.php\/wp-json\/wp\/v2\/product_brand?post=1695"},{"taxonomy":"product_cat","embeddable":true,"href":"https:\/\/bellocapricho.com.br\/loja\/index.php\/wp-json\/wp\/v2\/product_cat?post=1695"},{"taxonomy":"product_tag","embeddable":true,"href":"https:\/\/bellocapricho.com.br\/loja\/index.php\/wp-json\/wp\/v2\/product_tag?post=1695"}],"curies":[{"name":"wp","href":"https:\/\/api.w.org\/{rel}","templated":true}]}}