{"id":1693,"date":"2026-02-09T15:13:36","date_gmt":"2026-02-09T18:13:36","guid":{"rendered":"https:\/\/bellocapricho.com.br\/loja\/?post_type=product&#038;p=1693"},"modified":"2026-04-04T10:30:03","modified_gmt":"2026-04-04T13:30:03","slug":"vinagre-alcool-900ml-heinig","status":"publish","type":"product","link":"https:\/\/bellocapricho.com.br\/loja\/index.php\/produto\/vinagre-alcool-900ml-heinig\/","title":{"rendered":"Vinagre de \u00c1lcool 900ml &#8211; Heinig"},"content":{"rendered":"<p>De sabor neutro e baixa acidez, o vinagre de \u00e1lcool pode ser utilizado na prepara\u00e7\u00e3o de pratos como saladas e molhos. Experimente utilizar em temperos para carnes, peixes e aves, ele acrescenta tempero e muito sem alterar o sabor natural dos alimentos, al\u00e9m de ser pr\u00e1tico na cozinha e na limpeza da sua casa.<\/p>\n","protected":false},"excerpt":{"rendered":"<p>De sabor neutro e baixa acidez, o vinagre de \u00e1lcool pode ser utilizado na prepara\u00e7\u00e3o de pratos como saladas e molhos. Experimente utilizar em temperos para carnes, peixes e aves, ele acrescenta tempero e muito sem alterar o sabor natural dos alimentos, al\u00e9m de ser&hellip;<\/p>\n","protected":false},"featured_media":1694,"template":"","meta":[],"product_brand":[],"product_cat":[52],"product_tag":[],"class_list":{"0":"post-1693","1":"product","2":"type-product","3":"status-publish","4":"has-post-thumbnail","6":"product_cat-diversos","8":"first","9":"instock","10":"shipping-taxable","11":"purchasable","12":"product-type-simple"},"_links":{"self":[{"href":"https:\/\/bellocapricho.com.br\/loja\/index.php\/wp-json\/wp\/v2\/product\/1693","targetHints":{"allow":["GET"]}}],"collection":[{"href":"https:\/\/bellocapricho.com.br\/loja\/index.php\/wp-json\/wp\/v2\/product"}],"about":[{"href":"https:\/\/bellocapricho.com.br\/loja\/index.php\/wp-json\/wp\/v2\/types\/product"}],"wp:featuredmedia":[{"embeddable":true,"href":"https:\/\/bellocapricho.com.br\/loja\/index.php\/wp-json\/wp\/v2\/media\/1694"}],"wp:attachment":[{"href":"https:\/\/bellocapricho.com.br\/loja\/index.php\/wp-json\/wp\/v2\/media?parent=1693"}],"wp:term":[{"taxonomy":"product_brand","embeddable":true,"href":"https:\/\/bellocapricho.com.br\/loja\/index.php\/wp-json\/wp\/v2\/product_brand?post=1693"},{"taxonomy":"product_cat","embeddable":true,"href":"https:\/\/bellocapricho.com.br\/loja\/index.php\/wp-json\/wp\/v2\/product_cat?post=1693"},{"taxonomy":"product_tag","embeddable":true,"href":"https:\/\/bellocapricho.com.br\/loja\/index.php\/wp-json\/wp\/v2\/product_tag?post=1693"}],"curies":[{"name":"wp","href":"https:\/\/api.w.org\/{rel}","templated":true}]}}