{"id":1689,"date":"2026-02-09T15:01:35","date_gmt":"2026-02-09T18:01:35","guid":{"rendered":"https:\/\/bellocapricho.com.br\/loja\/?post_type=product&#038;p=1689"},"modified":"2026-04-08T07:55:28","modified_gmt":"2026-04-08T10:55:28","slug":"desentupidor-de-pias-e-ralos-diabo-verde-granulado-300g","status":"publish","type":"product","link":"https:\/\/bellocapricho.com.br\/loja\/index.php\/produto\/desentupidor-de-pias-e-ralos-diabo-verde-granulado-300g\/","title":{"rendered":"Desentupidor de pias e ralos DIABO VERDE granulado 300g"},"content":{"rendered":"<p>O Desentupidor de pias e ralos DIABO VERDE \u00e9 eficaz para pias e ralos, evitando transtornos com entupimentos com \u00f3timo custo benef\u00edcio, poupando o servi\u00e7o de encanador.<\/p>\n<p>Para utiliza\u00e7\u00e3o em:<\/p>\n<p>Desentupidor de alta performance;<br \/>\nPrevine futuros entupimentos;<br \/>\nIndicado para pias e ralos;<\/p>\n","protected":false},"excerpt":{"rendered":"<p>O Desentupidor de pias e ralos DIABO VERDE \u00e9 eficaz para pias e ralos, evitando transtornos com entupimentos com \u00f3timo custo benef\u00edcio, poupando o servi\u00e7o de encanador. Para utiliza\u00e7\u00e3o em: Desentupidor de alta performance; Previne futuros entupimentos; Indicado para pias e ralos;<\/p>\n","protected":false},"featured_media":1690,"template":"","meta":[],"product_brand":[],"product_cat":[94],"product_tag":[],"class_list":{"0":"post-1689","1":"product","2":"type-product","3":"status-publish","4":"has-post-thumbnail","6":"product_cat-desentupidor","8":"first","9":"outofstock","10":"shipping-taxable","11":"purchasable","12":"product-type-simple"},"_links":{"self":[{"href":"https:\/\/bellocapricho.com.br\/loja\/index.php\/wp-json\/wp\/v2\/product\/1689","targetHints":{"allow":["GET"]}}],"collection":[{"href":"https:\/\/bellocapricho.com.br\/loja\/index.php\/wp-json\/wp\/v2\/product"}],"about":[{"href":"https:\/\/bellocapricho.com.br\/loja\/index.php\/wp-json\/wp\/v2\/types\/product"}],"wp:featuredmedia":[{"embeddable":true,"href":"https:\/\/bellocapricho.com.br\/loja\/index.php\/wp-json\/wp\/v2\/media\/1690"}],"wp:attachment":[{"href":"https:\/\/bellocapricho.com.br\/loja\/index.php\/wp-json\/wp\/v2\/media?parent=1689"}],"wp:term":[{"taxonomy":"product_brand","embeddable":true,"href":"https:\/\/bellocapricho.com.br\/loja\/index.php\/wp-json\/wp\/v2\/product_brand?post=1689"},{"taxonomy":"product_cat","embeddable":true,"href":"https:\/\/bellocapricho.com.br\/loja\/index.php\/wp-json\/wp\/v2\/product_cat?post=1689"},{"taxonomy":"product_tag","embeddable":true,"href":"https:\/\/bellocapricho.com.br\/loja\/index.php\/wp-json\/wp\/v2\/product_tag?post=1689"}],"curies":[{"name":"wp","href":"https:\/\/api.w.org\/{rel}","templated":true}]}}