{"id":1687,"date":"2026-02-09T14:57:54","date_gmt":"2026-02-09T17:57:54","guid":{"rendered":"https:\/\/bellocapricho.com.br\/loja\/?post_type=product&#038;p=1687"},"modified":"2026-04-08T07:56:58","modified_gmt":"2026-04-08T10:56:58","slug":"limpa-forno-diabo-verde-tradicional-250g","status":"publish","type":"product","link":"https:\/\/bellocapricho.com.br\/loja\/index.php\/produto\/limpa-forno-diabo-verde-tradicional-250g\/","title":{"rendered":"Limpa forno DIABO VERDE tradicional 250g"},"content":{"rendered":"<p>O Limpa forno DIABO VERDE remove a gordura sem ter que raspar e deixa seu forno limpinho rapidamente, mantendo a cozinha livre de gorduras e sujeiras.<\/p>\n<p>Para utiliza\u00e7\u00e3o em:<\/p>\n<p>Remove a gordura sem raspar;<br \/>\nCont\u00e9m aplicador interno;<br \/>\nDesincrustante alcalino;<\/p>\n","protected":false},"excerpt":{"rendered":"<p>O Limpa forno DIABO VERDE remove a gordura sem ter que raspar e deixa seu forno limpinho rapidamente, mantendo a cozinha livre de gorduras e sujeiras. Para utiliza\u00e7\u00e3o em: Remove a gordura sem raspar; Cont\u00e9m aplicador interno; Desincrustante alcalino;<\/p>\n","protected":false},"featured_media":1688,"template":"","meta":[],"product_brand":[],"product_cat":[73],"product_tag":[],"class_list":{"0":"post-1687","1":"product","2":"type-product","3":"status-publish","4":"has-post-thumbnail","6":"product_cat-desengordurantes","8":"first","9":"instock","10":"shipping-taxable","11":"purchasable","12":"product-type-simple"},"_links":{"self":[{"href":"https:\/\/bellocapricho.com.br\/loja\/index.php\/wp-json\/wp\/v2\/product\/1687","targetHints":{"allow":["GET"]}}],"collection":[{"href":"https:\/\/bellocapricho.com.br\/loja\/index.php\/wp-json\/wp\/v2\/product"}],"about":[{"href":"https:\/\/bellocapricho.com.br\/loja\/index.php\/wp-json\/wp\/v2\/types\/product"}],"wp:featuredmedia":[{"embeddable":true,"href":"https:\/\/bellocapricho.com.br\/loja\/index.php\/wp-json\/wp\/v2\/media\/1688"}],"wp:attachment":[{"href":"https:\/\/bellocapricho.com.br\/loja\/index.php\/wp-json\/wp\/v2\/media?parent=1687"}],"wp:term":[{"taxonomy":"product_brand","embeddable":true,"href":"https:\/\/bellocapricho.com.br\/loja\/index.php\/wp-json\/wp\/v2\/product_brand?post=1687"},{"taxonomy":"product_cat","embeddable":true,"href":"https:\/\/bellocapricho.com.br\/loja\/index.php\/wp-json\/wp\/v2\/product_cat?post=1687"},{"taxonomy":"product_tag","embeddable":true,"href":"https:\/\/bellocapricho.com.br\/loja\/index.php\/wp-json\/wp\/v2\/product_tag?post=1687"}],"curies":[{"name":"wp","href":"https:\/\/api.w.org\/{rel}","templated":true}]}}