{"id":1683,"date":"2026-02-09T14:50:28","date_gmt":"2026-02-09T17:50:28","guid":{"rendered":"https:\/\/bellocapricho.com.br\/loja\/?post_type=product&#038;p=1683"},"modified":"2026-04-04T10:30:12","modified_gmt":"2026-04-04T13:30:12","slug":"esacada-residencial-4-degraus-alumasa","status":"publish","type":"product","link":"https:\/\/bellocapricho.com.br\/loja\/index.php\/produto\/esacada-residencial-4-degraus-alumasa\/","title":{"rendered":"Esacada Residencial 4 Degraus &#8211; ALUMASA"},"content":{"rendered":"<p>Quantidade de Degraus: 4 degraus<br \/>\nMaterial: Metal e pl\u00e1stico<br \/>\nTipo de Material: Alum\u00ednio e polipropileno<br \/>\nCapacidade de Peso: 120 Kg<br \/>\nAltura da escada fechada: 1,40 m<br \/>\nAltura da escada aberta: 0,85 m<br \/>\nLargura da escada aberta: 0,75 m<br \/>\nQuantidade de Posi\u00e7\u00f5es: 01<br \/>\nDobr\u00e1vel: Sim<br \/>\nPeso do Produto: 3,20Kg<br \/>\nTipo: Residencial<br \/>\nProduto: Escada<br \/>\nMarca: Alumasa<br \/>\nCor: Prata e azul<\/p>\n","protected":false},"excerpt":{"rendered":"<p>Quantidade de Degraus: 4 degraus Material: Metal e pl\u00e1stico Tipo de Material: Alum\u00ednio e polipropileno Capacidade de Peso: 120 Kg Altura da escada fechada: 1,40 m Altura da escada aberta: 0,85 m Largura da escada aberta: 0,75 m Quantidade de Posi\u00e7\u00f5es: 01 Dobr\u00e1vel: Sim Peso&hellip;<\/p>\n","protected":false},"featured_media":1684,"template":"","meta":[],"product_brand":[],"product_cat":[93],"product_tag":[],"class_list":{"0":"post-1683","1":"product","2":"type-product","3":"status-publish","4":"has-post-thumbnail","6":"product_cat-escadas","8":"first","9":"instock","10":"shipping-taxable","11":"purchasable","12":"product-type-simple"},"_links":{"self":[{"href":"https:\/\/bellocapricho.com.br\/loja\/index.php\/wp-json\/wp\/v2\/product\/1683","targetHints":{"allow":["GET"]}}],"collection":[{"href":"https:\/\/bellocapricho.com.br\/loja\/index.php\/wp-json\/wp\/v2\/product"}],"about":[{"href":"https:\/\/bellocapricho.com.br\/loja\/index.php\/wp-json\/wp\/v2\/types\/product"}],"wp:featuredmedia":[{"embeddable":true,"href":"https:\/\/bellocapricho.com.br\/loja\/index.php\/wp-json\/wp\/v2\/media\/1684"}],"wp:attachment":[{"href":"https:\/\/bellocapricho.com.br\/loja\/index.php\/wp-json\/wp\/v2\/media?parent=1683"}],"wp:term":[{"taxonomy":"product_brand","embeddable":true,"href":"https:\/\/bellocapricho.com.br\/loja\/index.php\/wp-json\/wp\/v2\/product_brand?post=1683"},{"taxonomy":"product_cat","embeddable":true,"href":"https:\/\/bellocapricho.com.br\/loja\/index.php\/wp-json\/wp\/v2\/product_cat?post=1683"},{"taxonomy":"product_tag","embeddable":true,"href":"https:\/\/bellocapricho.com.br\/loja\/index.php\/wp-json\/wp\/v2\/product_tag?post=1683"}],"curies":[{"name":"wp","href":"https:\/\/api.w.org\/{rel}","templated":true}]}}