{"id":1676,"date":"2026-02-04T17:21:11","date_gmt":"2026-02-04T20:21:11","guid":{"rendered":"https:\/\/bellocapricho.com.br\/loja\/?post_type=product&#038;p=1676"},"modified":"2026-04-04T10:30:10","modified_gmt":"2026-04-04T13:30:10","slug":"percarbonato-de-sodio-1kg","status":"publish","type":"product","link":"https:\/\/bellocapricho.com.br\/loja\/index.php\/produto\/percarbonato-de-sodio-1kg\/","title":{"rendered":"Percarbonato de S\u00f3dio 1Kg"},"content":{"rendered":"<p>O percarbonato de s\u00f3dio \u00e9 um p\u00f3 branco, s\u00f3lido e sem cheiro, conhecido como um alvejante e limpador ecol\u00f3gico, que libera oxig\u00eanio ativo quando dissolvido em \u00e1gua, sendo eficaz para remover manchas, clarear tecidos, desinfetar e desodorizar, sem conter cloro, e pode ser usado em diversas superf\u00edcies e roupas, inclusive coloridas, com \u00e1gua quente para melhor a\u00e7\u00e3o.<\/p>\n","protected":false},"excerpt":{"rendered":"<p>O percarbonato de s\u00f3dio \u00e9 um p\u00f3 branco, s\u00f3lido e sem cheiro, conhecido como um alvejante e limpador ecol\u00f3gico, que libera oxig\u00eanio ativo quando dissolvido em \u00e1gua, sendo eficaz para remover manchas, clarear tecidos, desinfetar e desodorizar, sem conter cloro, e pode ser usado em&hellip;<\/p>\n","protected":false},"featured_media":1677,"template":"","meta":[],"product_brand":[],"product_cat":[87,52,42,92],"product_tag":[],"class_list":{"0":"post-1676","1":"product","2":"type-product","3":"status-publish","4":"has-post-thumbnail","6":"product_cat-alvejantes","7":"product_cat-diversos","8":"product_cat-lavanderia","9":"product_cat-limpeza-de-tecidos","11":"first","12":"instock","13":"shipping-taxable","14":"purchasable","15":"product-type-simple"},"_links":{"self":[{"href":"https:\/\/bellocapricho.com.br\/loja\/index.php\/wp-json\/wp\/v2\/product\/1676","targetHints":{"allow":["GET"]}}],"collection":[{"href":"https:\/\/bellocapricho.com.br\/loja\/index.php\/wp-json\/wp\/v2\/product"}],"about":[{"href":"https:\/\/bellocapricho.com.br\/loja\/index.php\/wp-json\/wp\/v2\/types\/product"}],"wp:featuredmedia":[{"embeddable":true,"href":"https:\/\/bellocapricho.com.br\/loja\/index.php\/wp-json\/wp\/v2\/media\/1677"}],"wp:attachment":[{"href":"https:\/\/bellocapricho.com.br\/loja\/index.php\/wp-json\/wp\/v2\/media?parent=1676"}],"wp:term":[{"taxonomy":"product_brand","embeddable":true,"href":"https:\/\/bellocapricho.com.br\/loja\/index.php\/wp-json\/wp\/v2\/product_brand?post=1676"},{"taxonomy":"product_cat","embeddable":true,"href":"https:\/\/bellocapricho.com.br\/loja\/index.php\/wp-json\/wp\/v2\/product_cat?post=1676"},{"taxonomy":"product_tag","embeddable":true,"href":"https:\/\/bellocapricho.com.br\/loja\/index.php\/wp-json\/wp\/v2\/product_tag?post=1676"}],"curies":[{"name":"wp","href":"https:\/\/api.w.org\/{rel}","templated":true}]}}