{"id":1668,"date":"2026-01-29T18:34:21","date_gmt":"2026-01-29T21:34:21","guid":{"rendered":"https:\/\/bellocapricho.com.br\/loja\/?post_type=product&#038;p=1668"},"modified":"2026-04-04T10:30:03","modified_gmt":"2026-04-04T13:30:03","slug":"multipanos-bompack-bobina-azul-30x50cm-50un","status":"publish","type":"product","link":"https:\/\/bellocapricho.com.br\/loja\/index.php\/produto\/multipanos-bompack-bobina-azul-30x50cm-50un\/","title":{"rendered":"Multipanos Bompack Bobina Azul 30x50cm 50UN"},"content":{"rendered":"<p>Bobina de Multipanos Bompack Limpeza Leve Azul! Cada bobina cont\u00e9m 50 unidades desses panos, projetados para tornar a limpeza mais eficiente e pr\u00e1tica. Os Multipanos Bompack picotados no tamanho 30x50cm s\u00e3o ideais para tarefas de limpeza leve em domic\u00edlios, escrit\u00f3rios, cl\u00ednicas, entre outros. Esta bobina \u00e9 uma escolha pr\u00e1tica para manter qualquer ambiente limpo e organizado.<\/p>\n","protected":false},"excerpt":{"rendered":"<p>Bobina de Multipanos Bompack Limpeza Leve Azul! Cada bobina cont\u00e9m 50 unidades desses panos, projetados para tornar a limpeza mais eficiente e pr\u00e1tica. Os Multipanos Bompack picotados no tamanho 30x50cm s\u00e3o ideais para tarefas de limpeza leve em domic\u00edlios, escrit\u00f3rios, cl\u00ednicas, entre outros. Esta bobina&hellip;<\/p>\n","protected":false},"featured_media":1669,"template":"","meta":[],"product_brand":[],"product_cat":[52,82],"product_tag":[],"class_list":{"0":"post-1668","1":"product","2":"type-product","3":"status-publish","4":"has-post-thumbnail","6":"product_cat-diversos","7":"product_cat-panos","9":"first","10":"instock","11":"shipping-taxable","12":"purchasable","13":"product-type-simple"},"_links":{"self":[{"href":"https:\/\/bellocapricho.com.br\/loja\/index.php\/wp-json\/wp\/v2\/product\/1668","targetHints":{"allow":["GET"]}}],"collection":[{"href":"https:\/\/bellocapricho.com.br\/loja\/index.php\/wp-json\/wp\/v2\/product"}],"about":[{"href":"https:\/\/bellocapricho.com.br\/loja\/index.php\/wp-json\/wp\/v2\/types\/product"}],"wp:featuredmedia":[{"embeddable":true,"href":"https:\/\/bellocapricho.com.br\/loja\/index.php\/wp-json\/wp\/v2\/media\/1669"}],"wp:attachment":[{"href":"https:\/\/bellocapricho.com.br\/loja\/index.php\/wp-json\/wp\/v2\/media?parent=1668"}],"wp:term":[{"taxonomy":"product_brand","embeddable":true,"href":"https:\/\/bellocapricho.com.br\/loja\/index.php\/wp-json\/wp\/v2\/product_brand?post=1668"},{"taxonomy":"product_cat","embeddable":true,"href":"https:\/\/bellocapricho.com.br\/loja\/index.php\/wp-json\/wp\/v2\/product_cat?post=1668"},{"taxonomy":"product_tag","embeddable":true,"href":"https:\/\/bellocapricho.com.br\/loja\/index.php\/wp-json\/wp\/v2\/product_tag?post=1668"}],"curies":[{"name":"wp","href":"https:\/\/api.w.org\/{rel}","templated":true}]}}