{"id":1665,"date":"2026-01-29T18:26:08","date_gmt":"2026-01-29T21:26:08","guid":{"rendered":"https:\/\/bellocapricho.com.br\/loja\/?post_type=product&#038;p=1665"},"modified":"2026-04-08T07:55:04","modified_gmt":"2026-04-08T10:55:04","slug":"balde-mop-360-bompack-limpeza-facil-12l","status":"publish","type":"product","link":"https:\/\/bellocapricho.com.br\/loja\/index.php\/produto\/balde-mop-360-bompack-limpeza-facil-12l\/","title":{"rendered":"Balde MOP 360\u00b0 Bompack Limpeza F\u00e1cil 12L"},"content":{"rendered":"<p>Facilite a limpeza de diversos ambientes com o Balde MOP 360\u00b0 da marca Bompack. Com muita efici\u00eancia, este item \u00e9 ideal para uso em superf\u00edcies para retirada de p\u00f3 e sujeiras leves e tamb\u00e9m da secagem de l\u00edquidos dos ambientes.<\/p>\n","protected":false},"excerpt":{"rendered":"<p>Facilite a limpeza de diversos ambientes com o Balde MOP 360\u00b0 da marca Bompack. Com muita efici\u00eancia, este item \u00e9 ideal para uso em superf\u00edcies para retirada de p\u00f3 e sujeiras leves e tamb\u00e9m da secagem de l\u00edquidos dos ambientes.<\/p>\n","protected":false},"featured_media":1667,"template":"","meta":[],"product_brand":[],"product_cat":[47,81],"product_tag":[],"class_list":{"0":"post-1665","1":"product","2":"type-product","3":"status-publish","4":"has-post-thumbnail","6":"product_cat-equipamentos-de-limpeza","7":"product_cat-mop","9":"first","10":"instock","11":"shipping-taxable","12":"purchasable","13":"product-type-simple"},"_links":{"self":[{"href":"https:\/\/bellocapricho.com.br\/loja\/index.php\/wp-json\/wp\/v2\/product\/1665","targetHints":{"allow":["GET"]}}],"collection":[{"href":"https:\/\/bellocapricho.com.br\/loja\/index.php\/wp-json\/wp\/v2\/product"}],"about":[{"href":"https:\/\/bellocapricho.com.br\/loja\/index.php\/wp-json\/wp\/v2\/types\/product"}],"wp:featuredmedia":[{"embeddable":true,"href":"https:\/\/bellocapricho.com.br\/loja\/index.php\/wp-json\/wp\/v2\/media\/1667"}],"wp:attachment":[{"href":"https:\/\/bellocapricho.com.br\/loja\/index.php\/wp-json\/wp\/v2\/media?parent=1665"}],"wp:term":[{"taxonomy":"product_brand","embeddable":true,"href":"https:\/\/bellocapricho.com.br\/loja\/index.php\/wp-json\/wp\/v2\/product_brand?post=1665"},{"taxonomy":"product_cat","embeddable":true,"href":"https:\/\/bellocapricho.com.br\/loja\/index.php\/wp-json\/wp\/v2\/product_cat?post=1665"},{"taxonomy":"product_tag","embeddable":true,"href":"https:\/\/bellocapricho.com.br\/loja\/index.php\/wp-json\/wp\/v2\/product_tag?post=1665"}],"curies":[{"name":"wp","href":"https:\/\/api.w.org\/{rel}","templated":true}]}}