{"id":1663,"date":"2026-01-29T18:20:28","date_gmt":"2026-01-29T21:20:28","guid":{"rendered":"https:\/\/bellocapricho.com.br\/loja\/?post_type=product&#038;p=1663"},"modified":"2026-04-04T10:52:24","modified_gmt":"2026-04-04T13:52:24","slug":"espuma-limpa-tudo-tecbril-300ml","status":"publish","type":"product","link":"https:\/\/bellocapricho.com.br\/loja\/index.php\/produto\/espuma-limpa-tudo-tecbril-300ml\/","title":{"rendered":"Espuma Limpa Tudo TecBril 300ml"},"content":{"rendered":"<p>Espuma limpa tudo TecBril\u202f\u00e9 indicada para uso automotivo, residencial e profissional. Aliada \u00e0 sua tampa escova e espuma cremosa de a\u00e7\u00e3o ultra limpadora penetra no tecido dos estofamentos, sof\u00e1s, carpetes e tetos de ve\u00edculos removendo as sujeiras mais dif\u00edceis e renovando a apar\u00eancia original.<\/p>\n","protected":false},"excerpt":{"rendered":"<p>Espuma limpa tudo TecBril\u202f\u00e9 indicada para uso automotivo, residencial e profissional. Aliada \u00e0 sua tampa escova e espuma cremosa de a\u00e7\u00e3o ultra limpadora penetra no tecido dos estofamentos, sof\u00e1s, carpetes e tetos de ve\u00edculos removendo as sujeiras mais dif\u00edceis e renovando a apar\u00eancia original.<\/p>\n","protected":false},"featured_media":1664,"template":"","meta":[],"product_brand":[],"product_cat":[51,92],"product_tag":[],"class_list":{"0":"post-1663","1":"product","2":"type-product","3":"status-publish","4":"has-post-thumbnail","6":"product_cat-automotivos","7":"product_cat-limpeza-de-tecidos","9":"first","10":"instock","11":"shipping-taxable","12":"purchasable","13":"product-type-simple"},"_links":{"self":[{"href":"https:\/\/bellocapricho.com.br\/loja\/index.php\/wp-json\/wp\/v2\/product\/1663","targetHints":{"allow":["GET"]}}],"collection":[{"href":"https:\/\/bellocapricho.com.br\/loja\/index.php\/wp-json\/wp\/v2\/product"}],"about":[{"href":"https:\/\/bellocapricho.com.br\/loja\/index.php\/wp-json\/wp\/v2\/types\/product"}],"wp:featuredmedia":[{"embeddable":true,"href":"https:\/\/bellocapricho.com.br\/loja\/index.php\/wp-json\/wp\/v2\/media\/1664"}],"wp:attachment":[{"href":"https:\/\/bellocapricho.com.br\/loja\/index.php\/wp-json\/wp\/v2\/media?parent=1663"}],"wp:term":[{"taxonomy":"product_brand","embeddable":true,"href":"https:\/\/bellocapricho.com.br\/loja\/index.php\/wp-json\/wp\/v2\/product_brand?post=1663"},{"taxonomy":"product_cat","embeddable":true,"href":"https:\/\/bellocapricho.com.br\/loja\/index.php\/wp-json\/wp\/v2\/product_cat?post=1663"},{"taxonomy":"product_tag","embeddable":true,"href":"https:\/\/bellocapricho.com.br\/loja\/index.php\/wp-json\/wp\/v2\/product_tag?post=1663"}],"curies":[{"name":"wp","href":"https:\/\/api.w.org\/{rel}","templated":true}]}}