{"id":1654,"date":"2026-01-29T18:02:30","date_gmt":"2026-01-29T21:02:30","guid":{"rendered":"https:\/\/bellocapricho.com.br\/loja\/?post_type=product&#038;p=1654"},"modified":"2026-04-04T10:30:07","modified_gmt":"2026-04-04T13:30:07","slug":"limpa-grelha-forta-grill-500ml","status":"publish","type":"product","link":"https:\/\/bellocapricho.com.br\/loja\/index.php\/produto\/limpa-grelha-forta-grill-500ml\/","title":{"rendered":"Limpa Grelha Forta Grill 500ml"},"content":{"rendered":"<p>O limpa grelha Forta foi especialmente desenvolvido para a limpeza leve e pesada de grelhas, espetos, chapas e outros equipamentos e utens\u00edlios para churrascos.<br \/>\nSeu alto poder de a\u00e7\u00e3o elimina rapidamente gorduras carbonizadas e incrusta\u00e7\u00e3o de alimentos. <\/p>\n","protected":false},"excerpt":{"rendered":"<p>O limpa grelha Forta foi especialmente desenvolvido para a limpeza leve e pesada de grelhas, espetos, chapas e outros equipamentos e utens\u00edlios para churrascos. Seu alto poder de a\u00e7\u00e3o elimina rapidamente gorduras carbonizadas e incrusta\u00e7\u00e3o de alimentos.<\/p>\n","protected":false},"featured_media":1655,"template":"","meta":[],"product_brand":[],"product_cat":[73],"product_tag":[],"class_list":{"0":"post-1654","1":"product","2":"type-product","3":"status-publish","4":"has-post-thumbnail","6":"product_cat-desengordurantes","8":"first","9":"instock","10":"shipping-taxable","11":"purchasable","12":"product-type-simple"},"_links":{"self":[{"href":"https:\/\/bellocapricho.com.br\/loja\/index.php\/wp-json\/wp\/v2\/product\/1654","targetHints":{"allow":["GET"]}}],"collection":[{"href":"https:\/\/bellocapricho.com.br\/loja\/index.php\/wp-json\/wp\/v2\/product"}],"about":[{"href":"https:\/\/bellocapricho.com.br\/loja\/index.php\/wp-json\/wp\/v2\/types\/product"}],"wp:featuredmedia":[{"embeddable":true,"href":"https:\/\/bellocapricho.com.br\/loja\/index.php\/wp-json\/wp\/v2\/media\/1655"}],"wp:attachment":[{"href":"https:\/\/bellocapricho.com.br\/loja\/index.php\/wp-json\/wp\/v2\/media?parent=1654"}],"wp:term":[{"taxonomy":"product_brand","embeddable":true,"href":"https:\/\/bellocapricho.com.br\/loja\/index.php\/wp-json\/wp\/v2\/product_brand?post=1654"},{"taxonomy":"product_cat","embeddable":true,"href":"https:\/\/bellocapricho.com.br\/loja\/index.php\/wp-json\/wp\/v2\/product_cat?post=1654"},{"taxonomy":"product_tag","embeddable":true,"href":"https:\/\/bellocapricho.com.br\/loja\/index.php\/wp-json\/wp\/v2\/product_tag?post=1654"}],"curies":[{"name":"wp","href":"https:\/\/api.w.org\/{rel}","templated":true}]}}