{"id":1648,"date":"2026-01-29T17:54:35","date_gmt":"2026-01-29T20:54:35","guid":{"rendered":"https:\/\/bellocapricho.com.br\/loja\/?post_type=product&#038;p=1648"},"modified":"2026-04-04T10:30:08","modified_gmt":"2026-04-04T13:30:08","slug":"byts-limpa-inox-e-aluminio-2x1-500ml","status":"publish","type":"product","link":"https:\/\/bellocapricho.com.br\/loja\/index.php\/produto\/byts-limpa-inox-e-aluminio-2x1-500ml\/","title":{"rendered":"Byts Limpa inox e alum\u00ednio 2&#215;1 500ml"},"content":{"rendered":"<p>O Byts LIMPA inox e Alum\u00ednio 2\u00d71 foi desenvolvido com componentes inovadores, sustent\u00e1veis e biodegrad\u00e1veis que garantem facilidade de uso e alta performance com qualidade na remo\u00e7\u00e3o de sujeiras dif\u00edceis em superf\u00edcies e utens\u00edlios de Inox e Alum\u00ednio. O Byts LIMPA inox e Alum\u00ednio \u00e9 o \u00fanico produto no mercado 2 x 1 que funciona limpando esses dois tipos de materiais de forma segura e pr\u00e1tica. Com uso direto na esponja e na pia \u00e9 eficaz e seguro, deixando brilho de limpeza! Dissolve a gordura impregnada e incrustada nas superf\u00edcies, sem haver necessidade de raspar ou outro tipo de esfor\u00e7o f\u00edsico. Remove manchas de fuligem, queimado, leite fervido, etc.<\/p>\n","protected":false},"excerpt":{"rendered":"<p>O Byts LIMPA inox e Alum\u00ednio 2\u00d71 foi desenvolvido com componentes inovadores, sustent\u00e1veis e biodegrad\u00e1veis que garantem facilidade de uso e alta performance com qualidade na remo\u00e7\u00e3o de sujeiras dif\u00edceis em superf\u00edcies e utens\u00edlios de Inox e Alum\u00ednio. O Byts LIMPA inox e Alum\u00ednio \u00e9&hellip;<\/p>\n","protected":false},"featured_media":1649,"template":"","meta":[],"product_brand":[],"product_cat":[73,95],"product_tag":[],"class_list":{"0":"post-1648","1":"product","2":"type-product","3":"status-publish","4":"has-post-thumbnail","6":"product_cat-desengordurantes","7":"product_cat-limpa-aluminio","9":"first","10":"instock","11":"shipping-taxable","12":"purchasable","13":"product-type-simple"},"_links":{"self":[{"href":"https:\/\/bellocapricho.com.br\/loja\/index.php\/wp-json\/wp\/v2\/product\/1648","targetHints":{"allow":["GET"]}}],"collection":[{"href":"https:\/\/bellocapricho.com.br\/loja\/index.php\/wp-json\/wp\/v2\/product"}],"about":[{"href":"https:\/\/bellocapricho.com.br\/loja\/index.php\/wp-json\/wp\/v2\/types\/product"}],"wp:featuredmedia":[{"embeddable":true,"href":"https:\/\/bellocapricho.com.br\/loja\/index.php\/wp-json\/wp\/v2\/media\/1649"}],"wp:attachment":[{"href":"https:\/\/bellocapricho.com.br\/loja\/index.php\/wp-json\/wp\/v2\/media?parent=1648"}],"wp:term":[{"taxonomy":"product_brand","embeddable":true,"href":"https:\/\/bellocapricho.com.br\/loja\/index.php\/wp-json\/wp\/v2\/product_brand?post=1648"},{"taxonomy":"product_cat","embeddable":true,"href":"https:\/\/bellocapricho.com.br\/loja\/index.php\/wp-json\/wp\/v2\/product_cat?post=1648"},{"taxonomy":"product_tag","embeddable":true,"href":"https:\/\/bellocapricho.com.br\/loja\/index.php\/wp-json\/wp\/v2\/product_tag?post=1648"}],"curies":[{"name":"wp","href":"https:\/\/api.w.org\/{rel}","templated":true}]}}