{"id":1645,"date":"2026-01-29T17:51:48","date_gmt":"2026-01-29T20:51:48","guid":{"rendered":"https:\/\/bellocapricho.com.br\/loja\/?post_type=product&#038;p=1645"},"modified":"2026-04-04T15:21:46","modified_gmt":"2026-04-04T18:21:46","slug":"byts-limpa-air-fryer-500ml","status":"publish","type":"product","link":"https:\/\/bellocapricho.com.br\/loja\/index.php\/produto\/byts-limpa-air-fryer-500ml\/","title":{"rendered":"Byts Limpa Air Fryer 500ml"},"content":{"rendered":"<p>Limpa e elimina maus odores.<\/p>\n<p>Limpador desincrustante<br \/>\nElimina maus odores<br \/>\nF\u00e1cil aplica\u00e7\u00e3o<br \/>\nF\u00e1cil remo\u00e7\u00e3o<br \/>\nLivre de frag\u00e2ncia<br \/>\nAtivos de origem naturais<\/p>\n","protected":false},"excerpt":{"rendered":"<p>Limpa e elimina maus odores. Limpador desincrustante Elimina maus odores F\u00e1cil aplica\u00e7\u00e3o F\u00e1cil remo\u00e7\u00e3o Livre de frag\u00e2ncia Ativos de origem naturais<\/p>\n","protected":false},"featured_media":1647,"template":"","meta":[],"product_brand":[],"product_cat":[73],"product_tag":[],"class_list":{"0":"post-1645","1":"product","2":"type-product","3":"status-publish","4":"has-post-thumbnail","6":"product_cat-desengordurantes","8":"first","9":"instock","10":"shipping-taxable","11":"purchasable","12":"product-type-simple"},"_links":{"self":[{"href":"https:\/\/bellocapricho.com.br\/loja\/index.php\/wp-json\/wp\/v2\/product\/1645","targetHints":{"allow":["GET"]}}],"collection":[{"href":"https:\/\/bellocapricho.com.br\/loja\/index.php\/wp-json\/wp\/v2\/product"}],"about":[{"href":"https:\/\/bellocapricho.com.br\/loja\/index.php\/wp-json\/wp\/v2\/types\/product"}],"wp:featuredmedia":[{"embeddable":true,"href":"https:\/\/bellocapricho.com.br\/loja\/index.php\/wp-json\/wp\/v2\/media\/1647"}],"wp:attachment":[{"href":"https:\/\/bellocapricho.com.br\/loja\/index.php\/wp-json\/wp\/v2\/media?parent=1645"}],"wp:term":[{"taxonomy":"product_brand","embeddable":true,"href":"https:\/\/bellocapricho.com.br\/loja\/index.php\/wp-json\/wp\/v2\/product_brand?post=1645"},{"taxonomy":"product_cat","embeddable":true,"href":"https:\/\/bellocapricho.com.br\/loja\/index.php\/wp-json\/wp\/v2\/product_cat?post=1645"},{"taxonomy":"product_tag","embeddable":true,"href":"https:\/\/bellocapricho.com.br\/loja\/index.php\/wp-json\/wp\/v2\/product_tag?post=1645"}],"curies":[{"name":"wp","href":"https:\/\/api.w.org\/{rel}","templated":true}]}}