{"id":1643,"date":"2026-01-29T17:41:14","date_gmt":"2026-01-29T20:41:14","guid":{"rendered":"https:\/\/bellocapricho.com.br\/loja\/?post_type=product&#038;p=1643"},"modified":"2026-04-04T12:30:05","modified_gmt":"2026-04-04T15:30:05","slug":"byts-limpa-forno-e-fogao-2x1-500ml","status":"publish","type":"product","link":"https:\/\/bellocapricho.com.br\/loja\/index.php\/produto\/byts-limpa-forno-e-fogao-2x1-500ml\/","title":{"rendered":"Byts Limpa forno e fog\u00e3o 2&#215;1 500ml"},"content":{"rendered":"<p>O Byts Limpa forno e fog\u00e3o 2\u00d71 foi desenvolvido com componentes inovadores, sustent\u00e1veis e biodegrad\u00e1veis que garantem facilidade de uso e alta performance com qualidade na remo\u00e7\u00e3o de sujeiras dif\u00edceis como gorduras impregnadas e incrustadas. O Byts LIMPA forno e fog\u00e3o \u00e9 o \u00fanico produto no mercado indicado para a remo\u00e7\u00e3o de gorduras e sujeiras oleosas tanto de fornos quanto de fog\u00f5es. Possui alto poder desengordurante e n\u00e3o necessita de pinc\u00e9is para sua aplica\u00e7\u00e3o. Com uso direto na esponja e na pia \u00e9 eficaz, pr\u00e1tico e seguro. Dissolve a gordura impregnada e incrustada nas superf\u00edcies, sem haver necessidade de raspar ou outro tipo de esfor\u00e7o f\u00edsico.<\/p>\n","protected":false},"excerpt":{"rendered":"<p>O Byts Limpa forno e fog\u00e3o 2\u00d71 foi desenvolvido com componentes inovadores, sustent\u00e1veis e biodegrad\u00e1veis que garantem facilidade de uso e alta performance com qualidade na remo\u00e7\u00e3o de sujeiras dif\u00edceis como gorduras impregnadas e incrustadas. O Byts LIMPA forno e fog\u00e3o \u00e9 o \u00fanico produto&hellip;<\/p>\n","protected":false},"featured_media":1644,"template":"","meta":[],"product_brand":[],"product_cat":[73],"product_tag":[],"class_list":{"0":"post-1643","1":"product","2":"type-product","3":"status-publish","4":"has-post-thumbnail","6":"product_cat-desengordurantes","8":"first","9":"instock","10":"shipping-taxable","11":"purchasable","12":"product-type-simple"},"_links":{"self":[{"href":"https:\/\/bellocapricho.com.br\/loja\/index.php\/wp-json\/wp\/v2\/product\/1643","targetHints":{"allow":["GET"]}}],"collection":[{"href":"https:\/\/bellocapricho.com.br\/loja\/index.php\/wp-json\/wp\/v2\/product"}],"about":[{"href":"https:\/\/bellocapricho.com.br\/loja\/index.php\/wp-json\/wp\/v2\/types\/product"}],"wp:featuredmedia":[{"embeddable":true,"href":"https:\/\/bellocapricho.com.br\/loja\/index.php\/wp-json\/wp\/v2\/media\/1644"}],"wp:attachment":[{"href":"https:\/\/bellocapricho.com.br\/loja\/index.php\/wp-json\/wp\/v2\/media?parent=1643"}],"wp:term":[{"taxonomy":"product_brand","embeddable":true,"href":"https:\/\/bellocapricho.com.br\/loja\/index.php\/wp-json\/wp\/v2\/product_brand?post=1643"},{"taxonomy":"product_cat","embeddable":true,"href":"https:\/\/bellocapricho.com.br\/loja\/index.php\/wp-json\/wp\/v2\/product_cat?post=1643"},{"taxonomy":"product_tag","embeddable":true,"href":"https:\/\/bellocapricho.com.br\/loja\/index.php\/wp-json\/wp\/v2\/product_tag?post=1643"}],"curies":[{"name":"wp","href":"https:\/\/api.w.org\/{rel}","templated":true}]}}