{"id":1640,"date":"2026-01-29T16:49:29","date_gmt":"2026-01-29T19:49:29","guid":{"rendered":"https:\/\/bellocapricho.com.br\/loja\/?post_type=product&#038;p=1640"},"modified":"2026-04-04T10:30:10","modified_gmt":"2026-04-04T13:30:10","slug":"byts-limpa-churrasqueira-500ml","status":"publish","type":"product","link":"https:\/\/bellocapricho.com.br\/loja\/index.php\/produto\/byts-limpa-churrasqueira-500ml\/","title":{"rendered":"Byts Limpa Churrasqueira 500ml"},"content":{"rendered":"<p>LIMPA CHURRASQUEIRAS, GRELHAS, CHAPAS, ESPETOS E UTENS\u00cdLIOS foi desenvolvido com componentes inovadores, sustent\u00e1veis e biodegrad\u00e1veis que garantem facilidade de uso e alta performance com qualidade na remo\u00e7\u00e3o de sujeiras dif\u00edceis como gorduras impregnadas e incrustadas. Indicado para a remo\u00e7\u00e3o de gorduras e sujeiras oleosas possui alto poder desengordurante. \u00c9 eficaz e pr\u00e1tico, dissolve a gordura impregnada e incrustada nas superf\u00edcies, sem haver necessidade de raspar ou outro tipo de esfor\u00e7o f\u00edsico. Para ser utilizado direto na esponja e lavagem direto na pia. \u00d3timo para todos utens\u00edlios utilizados na churrasqueira: espetos, chapas, grelhas, facas, pegadores, etc.<\/p>\n","protected":false},"excerpt":{"rendered":"<p>LIMPA CHURRASQUEIRAS, GRELHAS, CHAPAS, ESPETOS E UTENS\u00cdLIOS foi desenvolvido com componentes inovadores, sustent\u00e1veis e biodegrad\u00e1veis que garantem facilidade de uso e alta performance com qualidade na remo\u00e7\u00e3o de sujeiras dif\u00edceis como gorduras impregnadas e incrustadas. Indicado para a remo\u00e7\u00e3o de gorduras e sujeiras oleosas possui&hellip;<\/p>\n","protected":false},"featured_media":1642,"template":"","meta":[],"product_brand":[],"product_cat":[73],"product_tag":[],"class_list":{"0":"post-1640","1":"product","2":"type-product","3":"status-publish","4":"has-post-thumbnail","6":"product_cat-desengordurantes","8":"first","9":"instock","10":"shipping-taxable","11":"purchasable","12":"product-type-simple"},"_links":{"self":[{"href":"https:\/\/bellocapricho.com.br\/loja\/index.php\/wp-json\/wp\/v2\/product\/1640","targetHints":{"allow":["GET"]}}],"collection":[{"href":"https:\/\/bellocapricho.com.br\/loja\/index.php\/wp-json\/wp\/v2\/product"}],"about":[{"href":"https:\/\/bellocapricho.com.br\/loja\/index.php\/wp-json\/wp\/v2\/types\/product"}],"wp:featuredmedia":[{"embeddable":true,"href":"https:\/\/bellocapricho.com.br\/loja\/index.php\/wp-json\/wp\/v2\/media\/1642"}],"wp:attachment":[{"href":"https:\/\/bellocapricho.com.br\/loja\/index.php\/wp-json\/wp\/v2\/media?parent=1640"}],"wp:term":[{"taxonomy":"product_brand","embeddable":true,"href":"https:\/\/bellocapricho.com.br\/loja\/index.php\/wp-json\/wp\/v2\/product_brand?post=1640"},{"taxonomy":"product_cat","embeddable":true,"href":"https:\/\/bellocapricho.com.br\/loja\/index.php\/wp-json\/wp\/v2\/product_cat?post=1640"},{"taxonomy":"product_tag","embeddable":true,"href":"https:\/\/bellocapricho.com.br\/loja\/index.php\/wp-json\/wp\/v2\/product_tag?post=1640"}],"curies":[{"name":"wp","href":"https:\/\/api.w.org\/{rel}","templated":true}]}}