{"id":1636,"date":"2026-01-29T16:32:05","date_gmt":"2026-01-29T19:32:05","guid":{"rendered":"https:\/\/bellocapricho.com.br\/loja\/?post_type=product&#038;p=1636"},"modified":"2026-04-04T08:45:13","modified_gmt":"2026-04-04T11:45:13","slug":"cloro-gel-quimossi-5l","status":"publish","type":"product","link":"https:\/\/bellocapricho.com.br\/loja\/index.php\/produto\/cloro-gel-quimossi-5l\/","title":{"rendered":"Cloro Gel Quimossi 5L"},"content":{"rendered":"<p>CLORO GEL QUIMOSSI \u00e9 um produto para limpeza de uso geral de paredes, cal\u00e7adas, superf\u00edcies como limo, rejuntes de pisos e azulejos e para lavagem de roupas brancas.<\/p>\n","protected":false},"excerpt":{"rendered":"<p>CLORO GEL QUIMOSSI \u00e9 um produto para limpeza de uso geral de paredes, cal\u00e7adas, superf\u00edcies como limo, rejuntes de pisos e azulejos e para lavagem de roupas brancas.<\/p>\n","protected":false},"featured_media":1637,"template":"","meta":[],"product_brand":[],"product_cat":[19],"product_tag":[],"class_list":{"0":"post-1636","1":"product","2":"type-product","3":"status-publish","4":"has-post-thumbnail","6":"product_cat-limpeza-pesada","8":"first","9":"instock","10":"shipping-taxable","11":"purchasable","12":"product-type-simple"},"_links":{"self":[{"href":"https:\/\/bellocapricho.com.br\/loja\/index.php\/wp-json\/wp\/v2\/product\/1636","targetHints":{"allow":["GET"]}}],"collection":[{"href":"https:\/\/bellocapricho.com.br\/loja\/index.php\/wp-json\/wp\/v2\/product"}],"about":[{"href":"https:\/\/bellocapricho.com.br\/loja\/index.php\/wp-json\/wp\/v2\/types\/product"}],"wp:featuredmedia":[{"embeddable":true,"href":"https:\/\/bellocapricho.com.br\/loja\/index.php\/wp-json\/wp\/v2\/media\/1637"}],"wp:attachment":[{"href":"https:\/\/bellocapricho.com.br\/loja\/index.php\/wp-json\/wp\/v2\/media?parent=1636"}],"wp:term":[{"taxonomy":"product_brand","embeddable":true,"href":"https:\/\/bellocapricho.com.br\/loja\/index.php\/wp-json\/wp\/v2\/product_brand?post=1636"},{"taxonomy":"product_cat","embeddable":true,"href":"https:\/\/bellocapricho.com.br\/loja\/index.php\/wp-json\/wp\/v2\/product_cat?post=1636"},{"taxonomy":"product_tag","embeddable":true,"href":"https:\/\/bellocapricho.com.br\/loja\/index.php\/wp-json\/wp\/v2\/product_tag?post=1636"}],"curies":[{"name":"wp","href":"https:\/\/api.w.org\/{rel}","templated":true}]}}