{"id":1634,"date":"2026-01-29T16:29:15","date_gmt":"2026-01-29T19:29:15","guid":{"rendered":"https:\/\/bellocapricho.com.br\/loja\/?post_type=product&#038;p=1634"},"modified":"2026-04-04T18:27:23","modified_gmt":"2026-04-04T21:27:23","slug":"alcool-perfumado-quimossi-1l-tradicional","status":"publish","type":"product","link":"https:\/\/bellocapricho.com.br\/loja\/index.php\/produto\/alcool-perfumado-quimossi-1l-tradicional\/","title":{"rendered":"\u00c1lcool Perfumado Quimossi 1L &#8211; Tradicional"},"content":{"rendered":"<p>\u00c1lcool Pertumado Quimossi traz em sua formula\u00e7\u00e3o 3 a\u00e7\u00f5es em um \u00fanico produto, unindo o poder da limpeza, a secagem r\u00e1pida e a agrad\u00e1vel fragr\u00e2ncia no seu ambiente. Pode ser aplicado em vidros, espelhos, f\u00f3rmica, inox, eletrodom\u00e9sticos como geladeiras, azulejos e pisos.<\/p>\n","protected":false},"excerpt":{"rendered":"<p>\u00c1lcool Pertumado Quimossi traz em sua formula\u00e7\u00e3o 3 a\u00e7\u00f5es em um \u00fanico produto, unindo o poder da limpeza, a secagem r\u00e1pida e a agrad\u00e1vel fragr\u00e2ncia no seu ambiente. Pode ser aplicado em vidros, espelhos, f\u00f3rmica, inox, eletrodom\u00e9sticos como geladeiras, azulejos e pisos.<\/p>\n","protected":false},"featured_media":1635,"template":"","meta":[],"product_brand":[],"product_cat":[54],"product_tag":[],"class_list":{"0":"post-1634","1":"product","2":"type-product","3":"status-publish","4":"has-post-thumbnail","6":"product_cat-limpeza-diaria","8":"first","9":"instock","10":"shipping-taxable","11":"purchasable","12":"product-type-simple"},"_links":{"self":[{"href":"https:\/\/bellocapricho.com.br\/loja\/index.php\/wp-json\/wp\/v2\/product\/1634","targetHints":{"allow":["GET"]}}],"collection":[{"href":"https:\/\/bellocapricho.com.br\/loja\/index.php\/wp-json\/wp\/v2\/product"}],"about":[{"href":"https:\/\/bellocapricho.com.br\/loja\/index.php\/wp-json\/wp\/v2\/types\/product"}],"wp:featuredmedia":[{"embeddable":true,"href":"https:\/\/bellocapricho.com.br\/loja\/index.php\/wp-json\/wp\/v2\/media\/1635"}],"wp:attachment":[{"href":"https:\/\/bellocapricho.com.br\/loja\/index.php\/wp-json\/wp\/v2\/media?parent=1634"}],"wp:term":[{"taxonomy":"product_brand","embeddable":true,"href":"https:\/\/bellocapricho.com.br\/loja\/index.php\/wp-json\/wp\/v2\/product_brand?post=1634"},{"taxonomy":"product_cat","embeddable":true,"href":"https:\/\/bellocapricho.com.br\/loja\/index.php\/wp-json\/wp\/v2\/product_cat?post=1634"},{"taxonomy":"product_tag","embeddable":true,"href":"https:\/\/bellocapricho.com.br\/loja\/index.php\/wp-json\/wp\/v2\/product_tag?post=1634"}],"curies":[{"name":"wp","href":"https:\/\/api.w.org\/{rel}","templated":true}]}}