{"id":1601,"date":"2026-01-14T18:18:49","date_gmt":"2026-01-14T21:18:49","guid":{"rendered":"https:\/\/bellocapricho.com.br\/loja\/?post_type=product&#038;p=1601"},"modified":"2026-04-04T10:30:04","modified_gmt":"2026-04-04T13:30:04","slug":"odorizante-de-ambientes-pettine-fresh-500ml-baunilha","status":"publish","type":"product","link":"https:\/\/bellocapricho.com.br\/loja\/index.php\/produto\/odorizante-de-ambientes-pettine-fresh-500ml-baunilha\/","title":{"rendered":"Odorizante de Ambientes Pettine Fresh 500ml &#8211; Baunilha"},"content":{"rendered":"<p>O Odorizante de Ambientes Pettine \u00e9 um produto elaborado com fragr\u00e2ncias ricas em \u00f3leos naturais, perfeito para perfumar ambientes em geral. \u00c9 indicado para uso em hot\u00e9is, mot\u00e9is, cl\u00ednicas, condom\u00ednios, ind\u00fastrias, escolas, ve\u00edculos, banheiros e em casa. Possui efeito duradouro, mantendo o aroma por um longo per\u00edodo e proporcionando uma sensa\u00e7\u00e3o agrad\u00e1vel de limpeza. Sua f\u00f3rmula equilibrada e com alta concentra\u00e7\u00e3o de ess\u00eancia atua na atenua\u00e7\u00e3o de odores desagrad\u00e1veis causados por mofo, fuma\u00e7a, animais dom\u00e9sticos, entre outros.<\/p>\n<p>Modo de usar:<br \/>\nAplique o produto por pulveriza\u00e7\u00e3o ou com um pano \u00famido diretamente no ambiente que deseja odorizar.<\/p>\n","protected":false},"excerpt":{"rendered":"<p>O Odorizante de Ambientes Pettine \u00e9 um produto elaborado com fragr\u00e2ncias ricas em \u00f3leos naturais, perfeito para perfumar ambientes em geral. \u00c9 indicado para uso em hot\u00e9is, mot\u00e9is, cl\u00ednicas, condom\u00ednios, ind\u00fastrias, escolas, ve\u00edculos, banheiros e em casa. Possui efeito duradouro, mantendo o aroma por um&hellip;<\/p>\n","protected":false},"featured_media":1602,"template":"","meta":[],"product_brand":[],"product_cat":[91],"product_tag":[],"class_list":{"0":"post-1601","1":"product","2":"type-product","3":"status-publish","4":"has-post-thumbnail","6":"product_cat-odorizante","8":"first","9":"instock","10":"shipping-taxable","11":"purchasable","12":"product-type-simple"},"_links":{"self":[{"href":"https:\/\/bellocapricho.com.br\/loja\/index.php\/wp-json\/wp\/v2\/product\/1601","targetHints":{"allow":["GET"]}}],"collection":[{"href":"https:\/\/bellocapricho.com.br\/loja\/index.php\/wp-json\/wp\/v2\/product"}],"about":[{"href":"https:\/\/bellocapricho.com.br\/loja\/index.php\/wp-json\/wp\/v2\/types\/product"}],"wp:featuredmedia":[{"embeddable":true,"href":"https:\/\/bellocapricho.com.br\/loja\/index.php\/wp-json\/wp\/v2\/media\/1602"}],"wp:attachment":[{"href":"https:\/\/bellocapricho.com.br\/loja\/index.php\/wp-json\/wp\/v2\/media?parent=1601"}],"wp:term":[{"taxonomy":"product_brand","embeddable":true,"href":"https:\/\/bellocapricho.com.br\/loja\/index.php\/wp-json\/wp\/v2\/product_brand?post=1601"},{"taxonomy":"product_cat","embeddable":true,"href":"https:\/\/bellocapricho.com.br\/loja\/index.php\/wp-json\/wp\/v2\/product_cat?post=1601"},{"taxonomy":"product_tag","embeddable":true,"href":"https:\/\/bellocapricho.com.br\/loja\/index.php\/wp-json\/wp\/v2\/product_tag?post=1601"}],"curies":[{"name":"wp","href":"https:\/\/api.w.org\/{rel}","templated":true}]}}