{"id":1599,"date":"2026-01-14T16:12:27","date_gmt":"2026-01-14T19:12:27","guid":{"rendered":"https:\/\/bellocapricho.com.br\/loja\/?post_type=product&#038;p=1599"},"modified":"2026-04-04T12:30:08","modified_gmt":"2026-04-04T15:30:08","slug":"desinfetante-e-neutralizador-de-odores-guimaraes-1l-doce-frescor","status":"publish","type":"product","link":"https:\/\/bellocapricho.com.br\/loja\/index.php\/produto\/desinfetante-e-neutralizador-de-odores-guimaraes-1l-doce-frescor\/","title":{"rendered":"Desinfetante e Neutralizador de Odores Guimar\u00e3es 1L &#8211; Doce Frescor"},"content":{"rendered":"<p>Indica\u00e7\u00f5es<\/p>\n<p>O DESINFETANTE GUIMAR\u00c3ES \u00e9 um desinfetante que mata 99,9% de bact\u00e9rias\/germes*. Al\u00e9m disso, possui uma agrad\u00e1vel fragr\u00e2ncia, deixando sua casa sempre limpa, protegida e perfumada. Indicado para o uso em todos os ambientes, como: pisos, azulejos, ralos, superf\u00edcies lav\u00e1veis e vasos sanit\u00e1rios. *Bact\u00e9rias\/germes testados: Salmonella choleraesuis e Staphylococcus aureus<\/p>\n<p>Modo de Usar<\/p>\n<p>Desinfec\u00e7\u00e3o: Para a\u00e7\u00e3o desinfetante utilize o produto puro e deixe-o agir em contato com a \u00e1rea por 10 minutos. Na limpeza geral de superf\u00edcies: Dilua 30 mL do produto para cada litro de \u00e1gua.<\/p>\n","protected":false},"excerpt":{"rendered":"<p>Indica\u00e7\u00f5es O DESINFETANTE GUIMAR\u00c3ES \u00e9 um desinfetante que mata 99,9% de bact\u00e9rias\/germes*. Al\u00e9m disso, possui uma agrad\u00e1vel fragr\u00e2ncia, deixando sua casa sempre limpa, protegida e perfumada. Indicado para o uso em todos os ambientes, como: pisos, azulejos, ralos, superf\u00edcies lav\u00e1veis e vasos sanit\u00e1rios. *Bact\u00e9rias\/germes testados:&hellip;<\/p>\n","protected":false},"featured_media":1600,"template":"","meta":[],"product_brand":[],"product_cat":[72],"product_tag":[],"class_list":{"0":"post-1599","1":"product","2":"type-product","3":"status-publish","4":"has-post-thumbnail","6":"product_cat-desinfetantes","8":"first","9":"instock","10":"shipping-taxable","11":"purchasable","12":"product-type-simple"},"_links":{"self":[{"href":"https:\/\/bellocapricho.com.br\/loja\/index.php\/wp-json\/wp\/v2\/product\/1599","targetHints":{"allow":["GET"]}}],"collection":[{"href":"https:\/\/bellocapricho.com.br\/loja\/index.php\/wp-json\/wp\/v2\/product"}],"about":[{"href":"https:\/\/bellocapricho.com.br\/loja\/index.php\/wp-json\/wp\/v2\/types\/product"}],"wp:featuredmedia":[{"embeddable":true,"href":"https:\/\/bellocapricho.com.br\/loja\/index.php\/wp-json\/wp\/v2\/media\/1600"}],"wp:attachment":[{"href":"https:\/\/bellocapricho.com.br\/loja\/index.php\/wp-json\/wp\/v2\/media?parent=1599"}],"wp:term":[{"taxonomy":"product_brand","embeddable":true,"href":"https:\/\/bellocapricho.com.br\/loja\/index.php\/wp-json\/wp\/v2\/product_brand?post=1599"},{"taxonomy":"product_cat","embeddable":true,"href":"https:\/\/bellocapricho.com.br\/loja\/index.php\/wp-json\/wp\/v2\/product_cat?post=1599"},{"taxonomy":"product_tag","embeddable":true,"href":"https:\/\/bellocapricho.com.br\/loja\/index.php\/wp-json\/wp\/v2\/product_tag?post=1599"}],"curies":[{"name":"wp","href":"https:\/\/api.w.org\/{rel}","templated":true}]}}