{"id":1597,"date":"2026-01-14T16:08:31","date_gmt":"2026-01-14T19:08:31","guid":{"rendered":"https:\/\/bellocapricho.com.br\/loja\/?post_type=product&#038;p=1597"},"modified":"2026-04-04T12:46:36","modified_gmt":"2026-04-04T15:46:36","slug":"limpador-perfumado-casa-guimaraes-2l-jasmim-algas-marinhas","status":"publish","type":"product","link":"https:\/\/bellocapricho.com.br\/loja\/index.php\/produto\/limpador-perfumado-casa-guimaraes-2l-jasmim-algas-marinhas\/","title":{"rendered":"Limpador Perfumado Casa Guimar\u00e3es 2L &#8211; Jasmim &#038; Algas Marinhas"},"content":{"rendered":"<p>Indica\u00e7\u00f5es<\/p>\n<p>Une o poder de limpeza com maior intensidade, atrav\u00e9s de fragr\u00e2ncias modernas de longa dura\u00e7\u00e3o. Recomendado para superf\u00edcies lav\u00e1veis de cozinhas, banheiros e principalmente pisos e azulejos. Remove sujeira e deixa o ambiente agrad\u00e1vel e perfumado por muito mais tempo.<\/p>\n<p>Modo de Usar<\/p>\n<p>Puro: Aplique com um pano ou esponja \u00famida. Limpeza em geral: Dilua 100ml (1\/2 copo) do produto para cada litro de \u00e1gua, aplique com um pano ou esponja. Na aplica\u00e7\u00e3o em vasos sanit\u00e1rios utilize o limpador puro.<\/p>\n","protected":false},"excerpt":{"rendered":"<p>Indica\u00e7\u00f5es Une o poder de limpeza com maior intensidade, atrav\u00e9s de fragr\u00e2ncias modernas de longa dura\u00e7\u00e3o. Recomendado para superf\u00edcies lav\u00e1veis de cozinhas, banheiros e principalmente pisos e azulejos. Remove sujeira e deixa o ambiente agrad\u00e1vel e perfumado por muito mais tempo. Modo de Usar Puro:&hellip;<\/p>\n","protected":false},"featured_media":1598,"template":"","meta":[],"product_brand":[],"product_cat":[54],"product_tag":[],"class_list":{"0":"post-1597","1":"product","2":"type-product","3":"status-publish","4":"has-post-thumbnail","6":"product_cat-limpeza-diaria","8":"first","9":"instock","10":"shipping-taxable","11":"purchasable","12":"product-type-simple"},"_links":{"self":[{"href":"https:\/\/bellocapricho.com.br\/loja\/index.php\/wp-json\/wp\/v2\/product\/1597","targetHints":{"allow":["GET"]}}],"collection":[{"href":"https:\/\/bellocapricho.com.br\/loja\/index.php\/wp-json\/wp\/v2\/product"}],"about":[{"href":"https:\/\/bellocapricho.com.br\/loja\/index.php\/wp-json\/wp\/v2\/types\/product"}],"wp:featuredmedia":[{"embeddable":true,"href":"https:\/\/bellocapricho.com.br\/loja\/index.php\/wp-json\/wp\/v2\/media\/1598"}],"wp:attachment":[{"href":"https:\/\/bellocapricho.com.br\/loja\/index.php\/wp-json\/wp\/v2\/media?parent=1597"}],"wp:term":[{"taxonomy":"product_brand","embeddable":true,"href":"https:\/\/bellocapricho.com.br\/loja\/index.php\/wp-json\/wp\/v2\/product_brand?post=1597"},{"taxonomy":"product_cat","embeddable":true,"href":"https:\/\/bellocapricho.com.br\/loja\/index.php\/wp-json\/wp\/v2\/product_cat?post=1597"},{"taxonomy":"product_tag","embeddable":true,"href":"https:\/\/bellocapricho.com.br\/loja\/index.php\/wp-json\/wp\/v2\/product_tag?post=1597"}],"curies":[{"name":"wp","href":"https:\/\/api.w.org\/{rel}","templated":true}]}}