{"id":1580,"date":"2026-01-13T15:12:23","date_gmt":"2026-01-13T18:12:23","guid":{"rendered":"https:\/\/bellocapricho.com.br\/loja\/?post_type=product&#038;p=1580"},"modified":"2026-04-04T10:30:09","modified_gmt":"2026-04-04T13:30:09","slug":"tekar-odorizante-safira-1l-com-pulverizador","status":"publish","type":"product","link":"https:\/\/bellocapricho.com.br\/loja\/index.php\/produto\/tekar-odorizante-safira-1l-com-pulverizador\/","title":{"rendered":"TEK&#8217;AR Odorizante Safira 1L com Pulverizador"},"content":{"rendered":"<p>TEK AR: Aromatizante de ambiente<br \/>\nDesodorizador de ambiente, elimina odores desagrad\u00e1veis, ideal para locais de grande circula\u00e7\u00e3o, ambiente fechado e instala\u00e7\u00f5es em geral.<\/p>\n","protected":false},"excerpt":{"rendered":"<p>TEK AR: Aromatizante de ambiente Desodorizador de ambiente, elimina odores desagrad\u00e1veis, ideal para locais de grande circula\u00e7\u00e3o, ambiente fechado e instala\u00e7\u00f5es em geral.<\/p>\n","protected":false},"featured_media":1581,"template":"","meta":[],"product_brand":[],"product_cat":[43,91],"product_tag":[],"class_list":{"0":"post-1580","1":"product","2":"type-product","3":"status-publish","4":"has-post-thumbnail","6":"product_cat-aromatizantes","7":"product_cat-odorizante","9":"first","10":"instock","11":"shipping-taxable","12":"purchasable","13":"product-type-simple"},"_links":{"self":[{"href":"https:\/\/bellocapricho.com.br\/loja\/index.php\/wp-json\/wp\/v2\/product\/1580","targetHints":{"allow":["GET"]}}],"collection":[{"href":"https:\/\/bellocapricho.com.br\/loja\/index.php\/wp-json\/wp\/v2\/product"}],"about":[{"href":"https:\/\/bellocapricho.com.br\/loja\/index.php\/wp-json\/wp\/v2\/types\/product"}],"wp:featuredmedia":[{"embeddable":true,"href":"https:\/\/bellocapricho.com.br\/loja\/index.php\/wp-json\/wp\/v2\/media\/1581"}],"wp:attachment":[{"href":"https:\/\/bellocapricho.com.br\/loja\/index.php\/wp-json\/wp\/v2\/media?parent=1580"}],"wp:term":[{"taxonomy":"product_brand","embeddable":true,"href":"https:\/\/bellocapricho.com.br\/loja\/index.php\/wp-json\/wp\/v2\/product_brand?post=1580"},{"taxonomy":"product_cat","embeddable":true,"href":"https:\/\/bellocapricho.com.br\/loja\/index.php\/wp-json\/wp\/v2\/product_cat?post=1580"},{"taxonomy":"product_tag","embeddable":true,"href":"https:\/\/bellocapricho.com.br\/loja\/index.php\/wp-json\/wp\/v2\/product_tag?post=1580"}],"curies":[{"name":"wp","href":"https:\/\/api.w.org\/{rel}","templated":true}]}}