{"id":1569,"date":"2026-01-13T14:34:03","date_gmt":"2026-01-13T17:34:03","guid":{"rendered":"https:\/\/bellocapricho.com.br\/loja\/?post_type=product&#038;p=1569"},"modified":"2026-04-04T10:50:38","modified_gmt":"2026-04-04T13:50:38","slug":"lava-roupas-liquido-coala-laundry-cha-branco-3l","status":"publish","type":"product","link":"https:\/\/bellocapricho.com.br\/loja\/index.php\/produto\/lava-roupas-liquido-coala-laundry-cha-branco-3l\/","title":{"rendered":"Lava-Roupas L\u00edquido Coala Laundry &#8211; Ch\u00e1 Branco 3L"},"content":{"rendered":"<p>O cuidado com as roupas come\u00e7a com uma limpeza eficaz e um toque de sofistica\u00e7\u00e3o \u2013 o Lava-roupas L\u00edquido Coala Laundry Ch\u00e1 Branco foi desenvolvido para quem valoriza alto desempenho aliado a uma fragr\u00e2ncia refinada. Sua f\u00f3rmula exclusiva limpa profundamente, ao mesmo tempo, em que deixa um cheirinho fresco e elegante de Ch\u00e1 Branco.<\/p>\n<p>Ideal para o dia a dia, \u00e9 composto por ativos biodegrad\u00e1veis e de fontes renov\u00e1veis que garantem seguran\u00e7a, efici\u00eancia e um toque perfumado duradouro nas roupas.<\/p>\n<p>Para roupas brancas e coloridas<br \/>\nRende 60 lavagens<br \/>\nSuper eficaz<br \/>\nSuper preciso<br \/>\nSuper cheiroso<br \/>\nModo de Uso:<\/p>\n<p>Use 50ml de produto para cada 8Kg de roupa. Lave separadamente roupas brancas e coloridas. Para manchas, aplique diretamente no local, deixe agir por alguns minutos e lave normalmente.<\/p>\n<p>Precau\u00e7\u00f5es:<\/p>\n<p>Mantenha fora do alcance de crian\u00e7as e animais dom\u00e9sticos.<br \/>\nN\u00e3o manuseie o produto antes de ter lido e compreendido todas as precau\u00e7\u00f5es de seguran\u00e7a.<br \/>\nEvite contato com os olhos e pele. Em caso de contato, lave imediatamente com \u00e1gua em abund\u00e2ncia.<br \/>\nN\u00e3o ingerir. Em caso de ingest\u00e3o, n\u00e3o provoque v\u00f4mito.<br \/>\nArmazene em local fresco, seco, ventilado, protegido da luz e do calor.<br \/>\nN\u00e3o reutilize a embalagem para outros fins.<\/p>\n","protected":false},"excerpt":{"rendered":"<p>O cuidado com as roupas come\u00e7a com uma limpeza eficaz e um toque de sofistica\u00e7\u00e3o \u2013 o Lava-roupas L\u00edquido Coala Laundry Ch\u00e1 Branco foi desenvolvido para quem valoriza alto desempenho aliado a uma fragr\u00e2ncia refinada. Sua f\u00f3rmula exclusiva limpa profundamente, ao mesmo tempo, em que&hellip;<\/p>\n","protected":false},"featured_media":1572,"template":"","meta":[],"product_brand":[],"product_cat":[42],"product_tag":[],"class_list":{"0":"post-1569","1":"product","2":"type-product","3":"status-publish","4":"has-post-thumbnail","6":"product_cat-lavanderia","8":"first","9":"instock","10":"shipping-taxable","11":"purchasable","12":"product-type-simple"},"_links":{"self":[{"href":"https:\/\/bellocapricho.com.br\/loja\/index.php\/wp-json\/wp\/v2\/product\/1569","targetHints":{"allow":["GET"]}}],"collection":[{"href":"https:\/\/bellocapricho.com.br\/loja\/index.php\/wp-json\/wp\/v2\/product"}],"about":[{"href":"https:\/\/bellocapricho.com.br\/loja\/index.php\/wp-json\/wp\/v2\/types\/product"}],"wp:featuredmedia":[{"embeddable":true,"href":"https:\/\/bellocapricho.com.br\/loja\/index.php\/wp-json\/wp\/v2\/media\/1572"}],"wp:attachment":[{"href":"https:\/\/bellocapricho.com.br\/loja\/index.php\/wp-json\/wp\/v2\/media?parent=1569"}],"wp:term":[{"taxonomy":"product_brand","embeddable":true,"href":"https:\/\/bellocapricho.com.br\/loja\/index.php\/wp-json\/wp\/v2\/product_brand?post=1569"},{"taxonomy":"product_cat","embeddable":true,"href":"https:\/\/bellocapricho.com.br\/loja\/index.php\/wp-json\/wp\/v2\/product_cat?post=1569"},{"taxonomy":"product_tag","embeddable":true,"href":"https:\/\/bellocapricho.com.br\/loja\/index.php\/wp-json\/wp\/v2\/product_tag?post=1569"}],"curies":[{"name":"wp","href":"https:\/\/api.w.org\/{rel}","templated":true}]}}