{"id":1473,"date":"2025-08-22T15:27:55","date_gmt":"2025-08-22T18:27:55","guid":{"rendered":"https:\/\/bellocapricho.com.br\/loja\/?post_type=product&#038;p=1473"},"modified":"2026-04-05T00:11:07","modified_gmt":"2026-04-05T03:11:07","slug":"desengordurante-dx-30-citrus-500ml","status":"publish","type":"product","link":"https:\/\/bellocapricho.com.br\/loja\/index.php\/produto\/desengordurante-dx-30-citrus-500ml\/","title":{"rendered":"Desengordurante DX-30 Citrus 500mL"},"content":{"rendered":"<p>Indica\u00e7\u00e3o de uso:<\/p>\n<p>O DX-30 DESENGORDURANTE cont\u00e9m em sua f\u00f3rmula uma combina\u00e7\u00e3o de mol\u00e9culas de r\u00e1pida a\u00e7\u00e3o que penetram na gordura e\/ou sujeiras, possibilitando a f\u00e1cil remo\u00e7\u00e3o das mesmas. Possui duas vezes mais poder de limpeza* e deixa um agrad\u00e1vel perfume. \u00c9 indicado para limpeza de air fryer, coifas, exaustores, fog\u00f5es, grelhas, geladeiras, micro-ondas, pias e outras superf\u00edcies lav\u00e1veis.<\/p>\n<div class=\"col-12 mb-1\">\n<p class=\"f-medium\">Modo de Uso:<\/p>\n<\/div>\n<div class=\"col-12 mb-5\">\n<p class=\"text-black-50 text-justify\">Aplique o DX-30 DESENGORDURANTE nas superf\u00edcies a serem limpas, deixe agir por alguns instantes, e em seguida, passe um pano ou esponja macia. ATEN\u00c7\u00c3O! Antes de usar, especialmente em superf\u00edcies pintadas, testar o produto em uma pequena \u00e1rea escondida para certificar-se de que n\u00e3o ir\u00e1 manchar.<\/p>\n<\/div>\n","protected":false},"excerpt":{"rendered":"<p>Indica\u00e7\u00e3o de uso: O DX-30 DESENGORDURANTE cont\u00e9m em sua f\u00f3rmula uma combina\u00e7\u00e3o de mol\u00e9culas de r\u00e1pida a\u00e7\u00e3o que penetram na gordura e\/ou sujeiras, possibilitando a f\u00e1cil remo\u00e7\u00e3o das mesmas. Possui duas vezes mais poder de limpeza* e deixa um agrad\u00e1vel perfume. \u00c9 indicado para limpeza&hellip;<\/p>\n","protected":false},"featured_media":1477,"template":"","meta":[],"product_brand":[],"product_cat":[73,54],"product_tag":[],"class_list":{"0":"post-1473","1":"product","2":"type-product","3":"status-publish","4":"has-post-thumbnail","6":"product_cat-desengordurantes","7":"product_cat-limpeza-diaria","9":"first","10":"instock","11":"shipping-taxable","12":"purchasable","13":"product-type-simple"},"_links":{"self":[{"href":"https:\/\/bellocapricho.com.br\/loja\/index.php\/wp-json\/wp\/v2\/product\/1473","targetHints":{"allow":["GET"]}}],"collection":[{"href":"https:\/\/bellocapricho.com.br\/loja\/index.php\/wp-json\/wp\/v2\/product"}],"about":[{"href":"https:\/\/bellocapricho.com.br\/loja\/index.php\/wp-json\/wp\/v2\/types\/product"}],"wp:featuredmedia":[{"embeddable":true,"href":"https:\/\/bellocapricho.com.br\/loja\/index.php\/wp-json\/wp\/v2\/media\/1477"}],"wp:attachment":[{"href":"https:\/\/bellocapricho.com.br\/loja\/index.php\/wp-json\/wp\/v2\/media?parent=1473"}],"wp:term":[{"taxonomy":"product_brand","embeddable":true,"href":"https:\/\/bellocapricho.com.br\/loja\/index.php\/wp-json\/wp\/v2\/product_brand?post=1473"},{"taxonomy":"product_cat","embeddable":true,"href":"https:\/\/bellocapricho.com.br\/loja\/index.php\/wp-json\/wp\/v2\/product_cat?post=1473"},{"taxonomy":"product_tag","embeddable":true,"href":"https:\/\/bellocapricho.com.br\/loja\/index.php\/wp-json\/wp\/v2\/product_tag?post=1473"}],"curies":[{"name":"wp","href":"https:\/\/api.w.org\/{rel}","templated":true}]}}