{"id":1469,"date":"2025-08-15T19:36:56","date_gmt":"2025-08-15T22:36:56","guid":{"rendered":"https:\/\/bellocapricho.com.br\/loja\/?post_type=product&#038;p=1469"},"modified":"2026-04-04T10:30:08","modified_gmt":"2026-04-04T13:30:08","slug":"multiuso-perfumado-com-alcool-flor-de-cerejeira-guimaraes-500ml","status":"publish","type":"product","link":"https:\/\/bellocapricho.com.br\/loja\/index.php\/produto\/multiuso-perfumado-com-alcool-flor-de-cerejeira-guimaraes-500ml\/","title":{"rendered":"Multiuso Perfumado com \u00c1lcool Flor de Cerejeira &#8211; Guimar\u00e3es &#8211; 500ml"},"content":{"rendered":"<div class=\"col-12 mb-1\">\n<p class=\"f-medium\">Indica\u00e7\u00e3o de uso<\/p>\n<\/div>\n<div class=\"col-12 mb-5\">\n<p class=\"text-black-50 text-justify\">Superf\u00edcies: pias de cozinhas, geladeiras, fog\u00f5es, pias de banheiro e outras superf\u00edcies lav\u00e1veis. RECOMENDA\u00c7\u00c3O: TESTAR EM UMA PEQUENA \u00c1REA ESCONDIDA ANTES DE USAR. N\u00e3o utilizar em piso porcelanato.<\/p>\n<\/div>\n<div class=\"col-12 mb-1\">\n<p class=\"f-medium\">Modo de Uso:<\/p>\n<\/div>\n<div class=\"col-12 mb-5\">\n<p class=\"text-black-50 text-justify\">Aplique o produto nas superf\u00edcies a serem limpas e, em seguida, passe um pano ou esponja macia. Para sujeiras mais dif\u00edceis, deixar o produto agir por alguns instantes. Para superf\u00edcies verticais recomenda-se aplicar o produto diretamente no pano.<\/p>\n<\/div>\n","protected":false},"excerpt":{"rendered":"<p>Indica\u00e7\u00e3o de uso Superf\u00edcies: pias de cozinhas, geladeiras, fog\u00f5es, pias de banheiro e outras superf\u00edcies lav\u00e1veis. RECOMENDA\u00c7\u00c3O: TESTAR EM UMA PEQUENA \u00c1REA ESCONDIDA ANTES DE USAR. N\u00e3o utilizar em piso porcelanato. Modo de Uso: Aplique o produto nas superf\u00edcies a serem limpas e, em seguida,&hellip;<\/p>\n","protected":false},"featured_media":1470,"template":"","meta":[],"product_brand":[],"product_cat":[54,53],"product_tag":[],"class_list":{"0":"post-1469","1":"product","2":"type-product","3":"status-publish","4":"has-post-thumbnail","6":"product_cat-limpeza-diaria","7":"product_cat-multiusos","9":"first","10":"instock","11":"shipping-taxable","12":"purchasable","13":"product-type-simple"},"_links":{"self":[{"href":"https:\/\/bellocapricho.com.br\/loja\/index.php\/wp-json\/wp\/v2\/product\/1469","targetHints":{"allow":["GET"]}}],"collection":[{"href":"https:\/\/bellocapricho.com.br\/loja\/index.php\/wp-json\/wp\/v2\/product"}],"about":[{"href":"https:\/\/bellocapricho.com.br\/loja\/index.php\/wp-json\/wp\/v2\/types\/product"}],"wp:featuredmedia":[{"embeddable":true,"href":"https:\/\/bellocapricho.com.br\/loja\/index.php\/wp-json\/wp\/v2\/media\/1470"}],"wp:attachment":[{"href":"https:\/\/bellocapricho.com.br\/loja\/index.php\/wp-json\/wp\/v2\/media?parent=1469"}],"wp:term":[{"taxonomy":"product_brand","embeddable":true,"href":"https:\/\/bellocapricho.com.br\/loja\/index.php\/wp-json\/wp\/v2\/product_brand?post=1469"},{"taxonomy":"product_cat","embeddable":true,"href":"https:\/\/bellocapricho.com.br\/loja\/index.php\/wp-json\/wp\/v2\/product_cat?post=1469"},{"taxonomy":"product_tag","embeddable":true,"href":"https:\/\/bellocapricho.com.br\/loja\/index.php\/wp-json\/wp\/v2\/product_tag?post=1469"}],"curies":[{"name":"wp","href":"https:\/\/api.w.org\/{rel}","templated":true}]}}