{"id":1466,"date":"2025-08-15T19:06:02","date_gmt":"2025-08-15T22:06:02","guid":{"rendered":"https:\/\/bellocapricho.com.br\/loja\/?post_type=product&#038;p=1466"},"modified":"2026-04-04T18:43:47","modified_gmt":"2026-04-04T21:43:47","slug":"removedor-multiuso-6-em-1-florata-suprema-500ml","status":"publish","type":"product","link":"https:\/\/bellocapricho.com.br\/loja\/index.php\/produto\/removedor-multiuso-6-em-1-florata-suprema-500ml\/","title":{"rendered":"Removedor Multiuso 6 em 1 Florata &#8211; SUPREMA &#8211; 500ml"},"content":{"rendered":"<p>Fique por dentro dos principais benef\u00edcios do Removedor Multisuperf\u00edcies Suprema, um produto eficiente e seguro para facilitar suas tarefas de limpeza: Remo\u00e7\u00e3o f\u00e1cil de sujeiras dif\u00edceis: O Removedor Multisuperf\u00edcies Suprema foi especialmente desenvolvido para eliminar as sujeiras mais dif\u00edceis sem esfor\u00e7o. Sua f\u00f3rmula poderosa penetra nas superf\u00edcies, soltando e removendo a sujeira incrustada, tornando a limpeza mais r\u00e1pida e eficaz. F\u00f3rmula \u00e0 base de \u00e1gua: Com o Removedor Multisuperf\u00edcies Suprema, voc\u00ea tem a garantia de utilizar um produto que n\u00e3o agride o meio ambiente. Prote\u00e7\u00e3o ecol\u00f3gica: O Removedor Multisuperf\u00edcies Suprema \u00e9 uma escolha ecologicamente respons\u00e1vel. Sua f\u00f3rmula n\u00e3o prejudica o meio ambiente, pois \u00e9 biodegrad\u00e1vel e contribui para a preserva\u00e7\u00e3o dos recursos naturais. Versatilidade de uso: O Removedor Multisuperf\u00edcies Suprema \u00e9 ideal para diversas superf\u00edcies, como azulejos, metais, box, vidros e outras. Com um \u00fanico produto, voc\u00ea pode limpar diferentes \u00e1reas da casa, simplificando suas tarefas de limpeza e economizando tempo. Prote\u00e7\u00e3o garantida: Ao usar o Removedor Multisuperf\u00edcies Suprema, voc\u00ea obt\u00e9m uma limpeza eficiente, sua f\u00f3rmula age de forma r\u00e1pida e eficaz, removendo as sujeiras sem danificar as superf\u00edcies, deixando-as limpas e brilhantes por mais tempo. Com o Removedor Multisuperf\u00edcies Suprema, voc\u00ea tem um aliado vers\u00e1til, eficiente. Experimente o Removedor Multisuperf\u00edcies Suprema e descubra como obter resultados impec\u00e1veis de forma pr\u00e1tica e sustent\u00e1vel.<\/p>\n","protected":false},"excerpt":{"rendered":"<p>Fique por dentro dos principais benef\u00edcios do Removedor Multisuperf\u00edcies Suprema, um produto eficiente e seguro para facilitar suas tarefas de limpeza: Remo\u00e7\u00e3o f\u00e1cil de sujeiras dif\u00edceis: O Removedor Multisuperf\u00edcies Suprema foi especialmente desenvolvido para eliminar as sujeiras mais dif\u00edceis sem esfor\u00e7o. Sua f\u00f3rmula poderosa penetra&hellip;<\/p>\n","protected":false},"featured_media":1467,"template":"","meta":[],"product_brand":[],"product_cat":[54,53],"product_tag":[],"class_list":{"0":"post-1466","1":"product","2":"type-product","3":"status-publish","4":"has-post-thumbnail","6":"product_cat-limpeza-diaria","7":"product_cat-multiusos","9":"first","10":"instock","11":"shipping-taxable","12":"purchasable","13":"product-type-simple"},"_links":{"self":[{"href":"https:\/\/bellocapricho.com.br\/loja\/index.php\/wp-json\/wp\/v2\/product\/1466","targetHints":{"allow":["GET"]}}],"collection":[{"href":"https:\/\/bellocapricho.com.br\/loja\/index.php\/wp-json\/wp\/v2\/product"}],"about":[{"href":"https:\/\/bellocapricho.com.br\/loja\/index.php\/wp-json\/wp\/v2\/types\/product"}],"wp:featuredmedia":[{"embeddable":true,"href":"https:\/\/bellocapricho.com.br\/loja\/index.php\/wp-json\/wp\/v2\/media\/1467"}],"wp:attachment":[{"href":"https:\/\/bellocapricho.com.br\/loja\/index.php\/wp-json\/wp\/v2\/media?parent=1466"}],"wp:term":[{"taxonomy":"product_brand","embeddable":true,"href":"https:\/\/bellocapricho.com.br\/loja\/index.php\/wp-json\/wp\/v2\/product_brand?post=1466"},{"taxonomy":"product_cat","embeddable":true,"href":"https:\/\/bellocapricho.com.br\/loja\/index.php\/wp-json\/wp\/v2\/product_cat?post=1466"},{"taxonomy":"product_tag","embeddable":true,"href":"https:\/\/bellocapricho.com.br\/loja\/index.php\/wp-json\/wp\/v2\/product_tag?post=1466"}],"curies":[{"name":"wp","href":"https:\/\/api.w.org\/{rel}","templated":true}]}}