{"id":1452,"date":"2025-08-15T17:41:33","date_gmt":"2025-08-15T20:41:33","guid":{"rendered":"https:\/\/bellocapricho.com.br\/loja\/?post_type=product&#038;p=1452"},"modified":"2026-04-04T18:50:21","modified_gmt":"2026-04-04T21:50:21","slug":"agua-sanitaria-cloro-ativo-suprema-1l","status":"publish","type":"product","link":"https:\/\/bellocapricho.com.br\/loja\/index.php\/produto\/agua-sanitaria-cloro-ativo-suprema-1l\/","title":{"rendered":"\u00c1gua Sanit\u00e1ria Cloro Ativo &#8211; SUPREMA &#8211; 1L"},"content":{"rendered":"<p>Confie na \u00c1gua Sanit\u00e1ria Suprema! Com um teor ideal de cloro ativo, nossa \u00e1gua sanit\u00e1ria oferece uma a\u00e7\u00e3o bactericida excepcional, al\u00e9m de ser um poderoso alvejante e eliminador de odores. No alvejamento de tecidos proporciona um branco impec\u00e1vel e seus benef\u00edcios v\u00e3o muito al\u00e9m. Utilize-a na limpeza geral da casa e transforme cada canto em um ambiente higienizado e livre de germes. Comprovando sua excel\u00eancia, a Suprema se tornou a marca de \u00e1gua sanit\u00e1ria mais reconhecida do mercado. Essa conquista \u00e9 resultado de nossa qualidade e desempenho incompar\u00e1vel. Escolha a \u00c1gua Sanit\u00e1ria Suprema e descubra o segredo para uma limpeza eficaz e impec\u00e1vel!<\/p>\n","protected":false},"excerpt":{"rendered":"<p>Confie na \u00c1gua Sanit\u00e1ria Suprema! Com um teor ideal de cloro ativo, nossa \u00e1gua sanit\u00e1ria oferece uma a\u00e7\u00e3o bactericida excepcional, al\u00e9m de ser um poderoso alvejante e eliminador de odores. No alvejamento de tecidos proporciona um branco impec\u00e1vel e seus benef\u00edcios v\u00e3o muito al\u00e9m. Utilize-a&hellip;<\/p>\n","protected":false},"featured_media":1453,"template":"","meta":[],"product_brand":[],"product_cat":[87,19],"product_tag":[],"class_list":{"0":"post-1452","1":"product","2":"type-product","3":"status-publish","4":"has-post-thumbnail","6":"product_cat-alvejantes","7":"product_cat-limpeza-pesada","9":"first","10":"instock","11":"shipping-taxable","12":"purchasable","13":"product-type-simple"},"_links":{"self":[{"href":"https:\/\/bellocapricho.com.br\/loja\/index.php\/wp-json\/wp\/v2\/product\/1452","targetHints":{"allow":["GET"]}}],"collection":[{"href":"https:\/\/bellocapricho.com.br\/loja\/index.php\/wp-json\/wp\/v2\/product"}],"about":[{"href":"https:\/\/bellocapricho.com.br\/loja\/index.php\/wp-json\/wp\/v2\/types\/product"}],"wp:featuredmedia":[{"embeddable":true,"href":"https:\/\/bellocapricho.com.br\/loja\/index.php\/wp-json\/wp\/v2\/media\/1453"}],"wp:attachment":[{"href":"https:\/\/bellocapricho.com.br\/loja\/index.php\/wp-json\/wp\/v2\/media?parent=1452"}],"wp:term":[{"taxonomy":"product_brand","embeddable":true,"href":"https:\/\/bellocapricho.com.br\/loja\/index.php\/wp-json\/wp\/v2\/product_brand?post=1452"},{"taxonomy":"product_cat","embeddable":true,"href":"https:\/\/bellocapricho.com.br\/loja\/index.php\/wp-json\/wp\/v2\/product_cat?post=1452"},{"taxonomy":"product_tag","embeddable":true,"href":"https:\/\/bellocapricho.com.br\/loja\/index.php\/wp-json\/wp\/v2\/product_tag?post=1452"}],"curies":[{"name":"wp","href":"https:\/\/api.w.org\/{rel}","templated":true}]}}