{"id":1447,"date":"2025-08-15T17:33:50","date_gmt":"2025-08-15T20:33:50","guid":{"rendered":"https:\/\/bellocapricho.com.br\/loja\/?post_type=product&#038;p=1447"},"modified":"2026-04-04T19:55:35","modified_gmt":"2026-04-04T22:55:35","slug":"alvejante-sem-cloro-ultra-remocao-de-manchas-suprema-15l","status":"publish","type":"product","link":"https:\/\/bellocapricho.com.br\/loja\/index.php\/produto\/alvejante-sem-cloro-ultra-remocao-de-manchas-suprema-15l\/","title":{"rendered":"Alvejante Sem Cloro Ultra Remo\u00e7\u00e3o de Manchas &#8211; SUPREMA &#8211; 1,5L"},"content":{"rendered":"<p>Os alvejantes sem Cloro Suprema s\u00e3o a escolha perfeita para remover as manchas mais dif\u00edceis, proporcionando uma limpeza eficaz e preservando a qualidade e o desempenho m\u00e1ximo. Com sua f\u00f3rmula avan\u00e7ada, esses alvejantes garantem que as cores das roupas coloridas sejam mantidas, enquanto real\u00e7am o branco dos tecidos. Al\u00e9m disso, seu poder branqueador \u00e9 incompar\u00e1vel, ajudando a revitalizar o brilho e a luminosidade das pe\u00e7as. Experimente a Suprema e descubra a diferen\u00e7a que ela pode fazer na sua roupa!<\/p>\n","protected":false},"excerpt":{"rendered":"<p>Os alvejantes sem Cloro Suprema s\u00e3o a escolha perfeita para remover as manchas mais dif\u00edceis, proporcionando uma limpeza eficaz e preservando a qualidade e o desempenho m\u00e1ximo. Com sua f\u00f3rmula avan\u00e7ada, esses alvejantes garantem que as cores das roupas coloridas sejam mantidas, enquanto real\u00e7am o&hellip;<\/p>\n","protected":false},"featured_media":1448,"template":"","meta":[],"product_brand":[],"product_cat":[87],"product_tag":[],"class_list":{"0":"post-1447","1":"product","2":"type-product","3":"status-publish","4":"has-post-thumbnail","6":"product_cat-alvejantes","8":"first","9":"instock","10":"shipping-taxable","11":"purchasable","12":"product-type-simple"},"_links":{"self":[{"href":"https:\/\/bellocapricho.com.br\/loja\/index.php\/wp-json\/wp\/v2\/product\/1447","targetHints":{"allow":["GET"]}}],"collection":[{"href":"https:\/\/bellocapricho.com.br\/loja\/index.php\/wp-json\/wp\/v2\/product"}],"about":[{"href":"https:\/\/bellocapricho.com.br\/loja\/index.php\/wp-json\/wp\/v2\/types\/product"}],"wp:featuredmedia":[{"embeddable":true,"href":"https:\/\/bellocapricho.com.br\/loja\/index.php\/wp-json\/wp\/v2\/media\/1448"}],"wp:attachment":[{"href":"https:\/\/bellocapricho.com.br\/loja\/index.php\/wp-json\/wp\/v2\/media?parent=1447"}],"wp:term":[{"taxonomy":"product_brand","embeddable":true,"href":"https:\/\/bellocapricho.com.br\/loja\/index.php\/wp-json\/wp\/v2\/product_brand?post=1447"},{"taxonomy":"product_cat","embeddable":true,"href":"https:\/\/bellocapricho.com.br\/loja\/index.php\/wp-json\/wp\/v2\/product_cat?post=1447"},{"taxonomy":"product_tag","embeddable":true,"href":"https:\/\/bellocapricho.com.br\/loja\/index.php\/wp-json\/wp\/v2\/product_tag?post=1447"}],"curies":[{"name":"wp","href":"https:\/\/api.w.org\/{rel}","templated":true}]}}