{"id":1441,"date":"2025-08-15T15:30:28","date_gmt":"2025-08-15T18:30:28","guid":{"rendered":"https:\/\/bellocapricho.com.br\/loja\/?post_type=product&#038;p=1441"},"modified":"2026-04-04T10:30:12","modified_gmt":"2026-04-04T13:30:12","slug":"amaciante-de-roupas-flor-de-cerejeira-5l","status":"publish","type":"product","link":"https:\/\/bellocapricho.com.br\/loja\/index.php\/produto\/amaciante-de-roupas-flor-de-cerejeira-5l\/","title":{"rendered":"Amaciante de Roupas Flor de Cerejeira &#8211; 5L"},"content":{"rendered":"<p>Indica\u00e7\u00f5es<\/p>\n<p>O AMACIANTE DE ROUPAS GUIMAR\u00c3ES PREMIUM protege as fibras do desgaste natural e deixam suas roupas mais macias. Possui c\u00e1psulas de fragr\u00e2ncias que deixam um agrad\u00e1vel perfume por mais tempo.<\/p>\n<p>Modo de Usar<\/p>\n<p>N\u00e3o despeje o produto diretamente sobre as roupas, dissolva previamente em \u00e1gua. No tanque e\/ou na m\u00e1quina: ap\u00f3s o processo de lavagem, fa\u00e7a um enx\u00e1gue e adicione 2 tampas e \u00bd (90 mL, meio copo americano) de AMACIANTE GUIMAR\u00c3ES, previamente dilu\u00eddo em \u00e1gua. Deixe agir por 10 minutos e complete o processo, torcendo ou centrifugando. Seque normalmente. IMPORTANTE! Siga sempre as instru\u00e7\u00f5es de lavagem indicada nas etiquetas das roupas. Amaciantes em geral n\u00e3o s\u00e3o recomendados para o uso em roupas de seda e couro. Lave os objetos ou utens\u00edlios usados como medida antes de reutiliz\u00e1-los.<\/p>\n","protected":false},"excerpt":{"rendered":"<p>Indica\u00e7\u00f5es O AMACIANTE DE ROUPAS GUIMAR\u00c3ES PREMIUM protege as fibras do desgaste natural e deixam suas roupas mais macias. Possui c\u00e1psulas de fragr\u00e2ncias que deixam um agrad\u00e1vel perfume por mais tempo. Modo de Usar N\u00e3o despeje o produto diretamente sobre as roupas, dissolva previamente em&hellip;<\/p>\n","protected":false},"featured_media":1442,"template":"","meta":[],"product_brand":[],"product_cat":[59,42],"product_tag":[],"class_list":{"0":"post-1441","1":"product","2":"type-product","3":"status-publish","4":"has-post-thumbnail","6":"product_cat-amaciantes","7":"product_cat-lavanderia","9":"first","10":"instock","11":"shipping-taxable","12":"purchasable","13":"product-type-simple"},"_links":{"self":[{"href":"https:\/\/bellocapricho.com.br\/loja\/index.php\/wp-json\/wp\/v2\/product\/1441","targetHints":{"allow":["GET"]}}],"collection":[{"href":"https:\/\/bellocapricho.com.br\/loja\/index.php\/wp-json\/wp\/v2\/product"}],"about":[{"href":"https:\/\/bellocapricho.com.br\/loja\/index.php\/wp-json\/wp\/v2\/types\/product"}],"wp:featuredmedia":[{"embeddable":true,"href":"https:\/\/bellocapricho.com.br\/loja\/index.php\/wp-json\/wp\/v2\/media\/1442"}],"wp:attachment":[{"href":"https:\/\/bellocapricho.com.br\/loja\/index.php\/wp-json\/wp\/v2\/media?parent=1441"}],"wp:term":[{"taxonomy":"product_brand","embeddable":true,"href":"https:\/\/bellocapricho.com.br\/loja\/index.php\/wp-json\/wp\/v2\/product_brand?post=1441"},{"taxonomy":"product_cat","embeddable":true,"href":"https:\/\/bellocapricho.com.br\/loja\/index.php\/wp-json\/wp\/v2\/product_cat?post=1441"},{"taxonomy":"product_tag","embeddable":true,"href":"https:\/\/bellocapricho.com.br\/loja\/index.php\/wp-json\/wp\/v2\/product_tag?post=1441"}],"curies":[{"name":"wp","href":"https:\/\/api.w.org\/{rel}","templated":true}]}}