{"id":1433,"date":"2025-08-15T15:12:38","date_gmt":"2025-08-15T18:12:38","guid":{"rendered":"https:\/\/bellocapricho.com.br\/loja\/?post_type=product&#038;p=1433"},"modified":"2026-04-04T10:30:10","modified_gmt":"2026-04-04T13:30:10","slug":"lava-roupas-coco-e-amendoas-3l","status":"publish","type":"product","link":"https:\/\/bellocapricho.com.br\/loja\/index.php\/produto\/lava-roupas-coco-e-amendoas-3l\/","title":{"rendered":"Lava Roupas Coco e Am\u00eandoas &#8211; 3L"},"content":{"rendered":"<p>Indica\u00e7\u00f5es<\/p>\n<p>Indicado para lavagem de todos os tipos de roupas. Sua f\u00f3rmula equilibrada possui maior efici\u00eancia na remo\u00e7\u00e3o de sujeiras, deixando suas roupas mais limpas.<\/p>\n<p>Modo de Usar<\/p>\n<p>Lavagem na M\u00e1quina: Coloque 100 ml (1\/2 copo) do LAVA ROUPAS no dosador ou dissolva na m\u00e1quina j\u00e1 com \u00e1gua. Utilize o ciclo de lavagem usado normalmente. Lavagem \u00e0 M\u00e3o: Dissolva 100 ml (1\/2 copo) do LAVA ROUPAS no tanque. Coloque as roupas de molho, lave as pe\u00e7as e a seguir enx\u00e1gue-as em \u00e1gua limpa.<\/p>\n","protected":false},"excerpt":{"rendered":"<p>Indica\u00e7\u00f5es Indicado para lavagem de todos os tipos de roupas. Sua f\u00f3rmula equilibrada possui maior efici\u00eancia na remo\u00e7\u00e3o de sujeiras, deixando suas roupas mais limpas. Modo de Usar Lavagem na M\u00e1quina: Coloque 100 ml (1\/2 copo) do LAVA ROUPAS no dosador ou dissolva na m\u00e1quina&hellip;<\/p>\n","protected":false},"featured_media":1434,"template":"","meta":[],"product_brand":[],"product_cat":[42],"product_tag":[],"class_list":{"0":"post-1433","1":"product","2":"type-product","3":"status-publish","4":"has-post-thumbnail","6":"product_cat-lavanderia","8":"first","9":"instock","10":"shipping-taxable","11":"purchasable","12":"product-type-simple"},"_links":{"self":[{"href":"https:\/\/bellocapricho.com.br\/loja\/index.php\/wp-json\/wp\/v2\/product\/1433","targetHints":{"allow":["GET"]}}],"collection":[{"href":"https:\/\/bellocapricho.com.br\/loja\/index.php\/wp-json\/wp\/v2\/product"}],"about":[{"href":"https:\/\/bellocapricho.com.br\/loja\/index.php\/wp-json\/wp\/v2\/types\/product"}],"wp:featuredmedia":[{"embeddable":true,"href":"https:\/\/bellocapricho.com.br\/loja\/index.php\/wp-json\/wp\/v2\/media\/1434"}],"wp:attachment":[{"href":"https:\/\/bellocapricho.com.br\/loja\/index.php\/wp-json\/wp\/v2\/media?parent=1433"}],"wp:term":[{"taxonomy":"product_brand","embeddable":true,"href":"https:\/\/bellocapricho.com.br\/loja\/index.php\/wp-json\/wp\/v2\/product_brand?post=1433"},{"taxonomy":"product_cat","embeddable":true,"href":"https:\/\/bellocapricho.com.br\/loja\/index.php\/wp-json\/wp\/v2\/product_cat?post=1433"},{"taxonomy":"product_tag","embeddable":true,"href":"https:\/\/bellocapricho.com.br\/loja\/index.php\/wp-json\/wp\/v2\/product_tag?post=1433"}],"curies":[{"name":"wp","href":"https:\/\/api.w.org\/{rel}","templated":true}]}}