{"id":1427,"date":"2025-08-15T14:55:57","date_gmt":"2025-08-15T17:55:57","guid":{"rendered":"https:\/\/bellocapricho.com.br\/loja\/?post_type=product&#038;p=1427"},"modified":"2026-04-04T19:45:07","modified_gmt":"2026-04-04T22:45:07","slug":"amaciante-concentrado-rosas-intensas-1l","status":"publish","type":"product","link":"https:\/\/bellocapricho.com.br\/loja\/index.php\/produto\/amaciante-concentrado-rosas-intensas-1l\/","title":{"rendered":"Amaciante Concentrado Rosas Intensas &#8211; 1L"},"content":{"rendered":"<p>O AMACIANTE DE ROUPAS CONCENTRADO GUIMAR\u00c3ES protege as fibras do desgaste natural e deixam suas roupas mais macias e muito mais perfumadas. Possui c\u00e1psulas de fragr\u00e2ncias que deixam um agrad\u00e1vel perfume por mais tempo. IMPORTANTE! Siga sempre as instru\u00e7\u00f5es de lavagem indicada nas etiquetas das roupas. Amaciantes em geral n\u00e3o s\u00e3o recomendados para o uso em roupas de seda e couro. Lave os objetos ou utens\u00edlios usados como medida antes de reutiliz\u00e1-los.<\/p>\n","protected":false},"excerpt":{"rendered":"<p>O AMACIANTE DE ROUPAS CONCENTRADO GUIMAR\u00c3ES protege as fibras do desgaste natural e deixam suas roupas mais macias e muito mais perfumadas. Possui c\u00e1psulas de fragr\u00e2ncias que deixam um agrad\u00e1vel perfume por mais tempo. IMPORTANTE! Siga sempre as instru\u00e7\u00f5es de lavagem indicada nas etiquetas das&hellip;<\/p>\n","protected":false},"featured_media":1428,"template":"","meta":[],"product_brand":[],"product_cat":[59,42],"product_tag":[],"class_list":{"0":"post-1427","1":"product","2":"type-product","3":"status-publish","4":"has-post-thumbnail","6":"product_cat-amaciantes","7":"product_cat-lavanderia","9":"first","10":"instock","11":"shipping-taxable","12":"purchasable","13":"product-type-simple"},"_links":{"self":[{"href":"https:\/\/bellocapricho.com.br\/loja\/index.php\/wp-json\/wp\/v2\/product\/1427","targetHints":{"allow":["GET"]}}],"collection":[{"href":"https:\/\/bellocapricho.com.br\/loja\/index.php\/wp-json\/wp\/v2\/product"}],"about":[{"href":"https:\/\/bellocapricho.com.br\/loja\/index.php\/wp-json\/wp\/v2\/types\/product"}],"wp:featuredmedia":[{"embeddable":true,"href":"https:\/\/bellocapricho.com.br\/loja\/index.php\/wp-json\/wp\/v2\/media\/1428"}],"wp:attachment":[{"href":"https:\/\/bellocapricho.com.br\/loja\/index.php\/wp-json\/wp\/v2\/media?parent=1427"}],"wp:term":[{"taxonomy":"product_brand","embeddable":true,"href":"https:\/\/bellocapricho.com.br\/loja\/index.php\/wp-json\/wp\/v2\/product_brand?post=1427"},{"taxonomy":"product_cat","embeddable":true,"href":"https:\/\/bellocapricho.com.br\/loja\/index.php\/wp-json\/wp\/v2\/product_cat?post=1427"},{"taxonomy":"product_tag","embeddable":true,"href":"https:\/\/bellocapricho.com.br\/loja\/index.php\/wp-json\/wp\/v2\/product_tag?post=1427"}],"curies":[{"name":"wp","href":"https:\/\/api.w.org\/{rel}","templated":true}]}}