{"id":1421,"date":"2025-07-21T14:54:57","date_gmt":"2025-07-21T17:54:57","guid":{"rendered":"https:\/\/bellocapricho.com.br\/loja\/?post_type=product&#038;p=1421"},"modified":"2026-04-08T09:55:37","modified_gmt":"2026-04-08T12:55:37","slug":"limpador-perfumado-de-ambientes-coala-120-ml-flor-de-figo","status":"publish","type":"product","link":"https:\/\/bellocapricho.com.br\/loja\/index.php\/produto\/limpador-perfumado-de-ambientes-coala-120-ml-flor-de-figo\/","title":{"rendered":"Limpador Perfumado de Ambientes Coala 120 ml &#8211; Flor de Figo"},"content":{"rendered":"<p>Com Coala Ess\u00eancias &#8211; Limpador Perfumado de Ambientes Flor de Figo, seu ambiente vai ficar limpo e com um aroma incr\u00edvel.<br \/>\nAl\u00e9m de poder ser usada em todos os ambientes, a Coala Ess\u00eancias &#8211; Limpador Perfumado de Ambientes Flor de Figo tamb\u00e9m:<br \/>\n&#8211; Garante a sensa\u00e7\u00e3o prolongada de limpeza e bem-estar;<br \/>\n&#8211; Tem perfume duradouro,<br \/>\n&#8211; Fragr\u00e2ncia agrad\u00e1vel.<\/p>\n","protected":false},"excerpt":{"rendered":"<p>Com Coala Ess\u00eancias &#8211; Limpador Perfumado de Ambientes Flor de Figo, seu ambiente vai ficar limpo e com um aroma incr\u00edvel. Al\u00e9m de poder ser usada em todos os ambientes, a Coala Ess\u00eancias &#8211; Limpador Perfumado de Ambientes Flor de Figo tamb\u00e9m: &#8211; Garante a&hellip;<\/p>\n","protected":false},"featured_media":1422,"template":"","meta":[],"product_brand":[],"product_cat":[55],"product_tag":[],"class_list":{"0":"post-1421","1":"product","2":"type-product","3":"status-publish","4":"has-post-thumbnail","6":"product_cat-essencias","8":"first","9":"outofstock","10":"shipping-taxable","11":"purchasable","12":"product-type-simple"},"_links":{"self":[{"href":"https:\/\/bellocapricho.com.br\/loja\/index.php\/wp-json\/wp\/v2\/product\/1421","targetHints":{"allow":["GET"]}}],"collection":[{"href":"https:\/\/bellocapricho.com.br\/loja\/index.php\/wp-json\/wp\/v2\/product"}],"about":[{"href":"https:\/\/bellocapricho.com.br\/loja\/index.php\/wp-json\/wp\/v2\/types\/product"}],"wp:featuredmedia":[{"embeddable":true,"href":"https:\/\/bellocapricho.com.br\/loja\/index.php\/wp-json\/wp\/v2\/media\/1422"}],"wp:attachment":[{"href":"https:\/\/bellocapricho.com.br\/loja\/index.php\/wp-json\/wp\/v2\/media?parent=1421"}],"wp:term":[{"taxonomy":"product_brand","embeddable":true,"href":"https:\/\/bellocapricho.com.br\/loja\/index.php\/wp-json\/wp\/v2\/product_brand?post=1421"},{"taxonomy":"product_cat","embeddable":true,"href":"https:\/\/bellocapricho.com.br\/loja\/index.php\/wp-json\/wp\/v2\/product_cat?post=1421"},{"taxonomy":"product_tag","embeddable":true,"href":"https:\/\/bellocapricho.com.br\/loja\/index.php\/wp-json\/wp\/v2\/product_tag?post=1421"}],"curies":[{"name":"wp","href":"https:\/\/api.w.org\/{rel}","templated":true}]}}