{"id":1393,"date":"2025-01-08T15:53:10","date_gmt":"2025-01-08T18:53:10","guid":{"rendered":"https:\/\/bellocapricho.com.br\/loja\/?post_type=product&#038;p=1393"},"modified":"2026-04-05T11:30:50","modified_gmt":"2026-04-05T14:30:50","slug":"cloro-pastilha-tricloro-2oog-5x1-estabilizado","status":"publish","type":"product","link":"https:\/\/bellocapricho.com.br\/loja\/index.php\/produto\/cloro-pastilha-tricloro-2oog-5x1-estabilizado\/","title":{"rendered":"CLORO PASTILHA TRICLORO 2OOG 5X1 ESTABILIZADO"},"content":{"rendered":"<p>Purifica a \u00e1gua, previne \u00e1gua verde, combate \u00e1gua turva, oxida materiais org\u00e2nicos e n\u00e3o altera o pH da \u00e1gua.<\/p>\n<p>Aplica\u00e7\u00e3o:<\/p>\n<p>Medir o pH corrigindo-o para 7,2 a 7,6, se necess\u00e1rio ajustar com a BARRILHA LEVE ou REDUTOR DE pH E ALCALINIDADE;<br \/>\nMedir a alcalinidade total corrigindo-a para 80 a 120 ppm, se necess\u00e1rio ajustar com BICARBONATO DE S\u00d3DIO;<br \/>\nColocar dentro do clorador flutuante inicialmente 01 tablete (200g) para cada 30.000 litros de \u00e1gua;<br \/>\nFazer a an\u00e1lise di\u00e1ria do residual de cloro livre para se certificar de que a dosagem anterior foi suficiente para mant\u00ea-lo na faixa recomendada de 2 a 4 ppm. Se estiver abaixo de 02 ppm, aumentar a dosagem, se estiver acima de 04 ppm, diminu\u00ed-la. Repetir essa opera\u00e7\u00e3o diariamente at\u00e9 atingir a dosagem ideal para as condi\u00e7\u00f5es particulares de sua piscina;<br \/>\nFiltrar o volume de \u00e1gua diariamente e aspirar o fundo pelo menos uma vez por semana<br \/>\nS\u00f3 utilizar a piscina quando o residual de cloro estiver abaixo 10 ppm.<\/p>\n","protected":false},"excerpt":{"rendered":"<p>Purifica a \u00e1gua, previne \u00e1gua verde, combate \u00e1gua turva, oxida materiais org\u00e2nicos e n\u00e3o altera o pH da \u00e1gua. Aplica\u00e7\u00e3o: Medir o pH corrigindo-o para 7,2 a 7,6, se necess\u00e1rio ajustar com a BARRILHA LEVE ou REDUTOR DE pH E ALCALINIDADE; Medir a alcalinidade total&hellip;<\/p>\n","protected":false},"featured_media":1394,"template":"","meta":[],"product_brand":[],"product_cat":[86],"product_tag":[],"class_list":{"0":"post-1393","1":"product","2":"type-product","3":"status-publish","4":"has-post-thumbnail","6":"product_cat-produtos-de-piscina","8":"first","9":"instock","10":"shipping-taxable","11":"purchasable","12":"product-type-simple"},"_links":{"self":[{"href":"https:\/\/bellocapricho.com.br\/loja\/index.php\/wp-json\/wp\/v2\/product\/1393","targetHints":{"allow":["GET"]}}],"collection":[{"href":"https:\/\/bellocapricho.com.br\/loja\/index.php\/wp-json\/wp\/v2\/product"}],"about":[{"href":"https:\/\/bellocapricho.com.br\/loja\/index.php\/wp-json\/wp\/v2\/types\/product"}],"wp:featuredmedia":[{"embeddable":true,"href":"https:\/\/bellocapricho.com.br\/loja\/index.php\/wp-json\/wp\/v2\/media\/1394"}],"wp:attachment":[{"href":"https:\/\/bellocapricho.com.br\/loja\/index.php\/wp-json\/wp\/v2\/media?parent=1393"}],"wp:term":[{"taxonomy":"product_brand","embeddable":true,"href":"https:\/\/bellocapricho.com.br\/loja\/index.php\/wp-json\/wp\/v2\/product_brand?post=1393"},{"taxonomy":"product_cat","embeddable":true,"href":"https:\/\/bellocapricho.com.br\/loja\/index.php\/wp-json\/wp\/v2\/product_cat?post=1393"},{"taxonomy":"product_tag","embeddable":true,"href":"https:\/\/bellocapricho.com.br\/loja\/index.php\/wp-json\/wp\/v2\/product_tag?post=1393"}],"curies":[{"name":"wp","href":"https:\/\/api.w.org\/{rel}","templated":true}]}}