{"id":1391,"date":"2025-01-08T15:50:36","date_gmt":"2025-01-08T18:50:36","guid":{"rendered":"https:\/\/bellocapricho.com.br\/loja\/?post_type=product&#038;p=1391"},"modified":"2026-04-05T11:30:50","modified_gmt":"2026-04-05T14:30:50","slug":"redutor-de-ph-reducin-1l","status":"publish","type":"product","link":"https:\/\/bellocapricho.com.br\/loja\/index.php\/produto\/redutor-de-ph-reducin-1l\/","title":{"rendered":"REDUTOR DE PH REDUCIN 1L"},"content":{"rendered":"<p>ESPECIFICA\u00c7\u00d5ES:<br \/>\nPrincipais usos do produto: Redutor de pH e alcalinidade da \u00e1gua<br \/>\nDosagem: Verificar o pH da piscina, desej\u00e1vel \u00e9 entre 7,0 e 7,4; a alcalinidade total entre 80e 120ppm. Para reduzir o<br \/>\npH da \u00e1gua da piscina siga a dosagem da tabela abaixo:<br \/>\npH 7,8 a 8,0 Acima de 8,0 ppm Alcalinidade Acima de 120 ppm<br \/>\nDosagem 13ml\/m3 25ml\/m3 Dosagem 13ml\/m3<br \/>\nA cada 13ml\/m3 de produto, ir\u00e1 reduzir a alcalinidade em 10ppm. Deixe a \u00e1gua para por 12 horas, em seguida, filtre<br \/>\nentorno de 6 a 12 horas.<br \/>\nArmazenagem: Mantenha o produto em sua embalagem original e fora do alcance de crian\u00e7as e animais dom\u00e9sticos.<br \/>\nN\u00e3o reutilize a embalagem vazia. Mantenha o produto em local fresco e arejado, protegido do sol.<\/p>\n","protected":false},"excerpt":{"rendered":"<p>ESPECIFICA\u00c7\u00d5ES: Principais usos do produto: Redutor de pH e alcalinidade da \u00e1gua Dosagem: Verificar o pH da piscina, desej\u00e1vel \u00e9 entre 7,0 e 7,4; a alcalinidade total entre 80e 120ppm. Para reduzir o pH da \u00e1gua da piscina siga a dosagem da tabela abaixo: pH&hellip;<\/p>\n","protected":false},"featured_media":1392,"template":"","meta":[],"product_brand":[],"product_cat":[86],"product_tag":[],"class_list":{"0":"post-1391","1":"product","2":"type-product","3":"status-publish","4":"has-post-thumbnail","6":"product_cat-produtos-de-piscina","8":"first","9":"instock","10":"shipping-taxable","11":"purchasable","12":"product-type-simple"},"_links":{"self":[{"href":"https:\/\/bellocapricho.com.br\/loja\/index.php\/wp-json\/wp\/v2\/product\/1391","targetHints":{"allow":["GET"]}}],"collection":[{"href":"https:\/\/bellocapricho.com.br\/loja\/index.php\/wp-json\/wp\/v2\/product"}],"about":[{"href":"https:\/\/bellocapricho.com.br\/loja\/index.php\/wp-json\/wp\/v2\/types\/product"}],"wp:featuredmedia":[{"embeddable":true,"href":"https:\/\/bellocapricho.com.br\/loja\/index.php\/wp-json\/wp\/v2\/media\/1392"}],"wp:attachment":[{"href":"https:\/\/bellocapricho.com.br\/loja\/index.php\/wp-json\/wp\/v2\/media?parent=1391"}],"wp:term":[{"taxonomy":"product_brand","embeddable":true,"href":"https:\/\/bellocapricho.com.br\/loja\/index.php\/wp-json\/wp\/v2\/product_brand?post=1391"},{"taxonomy":"product_cat","embeddable":true,"href":"https:\/\/bellocapricho.com.br\/loja\/index.php\/wp-json\/wp\/v2\/product_cat?post=1391"},{"taxonomy":"product_tag","embeddable":true,"href":"https:\/\/bellocapricho.com.br\/loja\/index.php\/wp-json\/wp\/v2\/product_tag?post=1391"}],"curies":[{"name":"wp","href":"https:\/\/api.w.org\/{rel}","templated":true}]}}