{"id":1387,"date":"2025-01-08T15:45:48","date_gmt":"2025-01-08T18:45:48","guid":{"rendered":"https:\/\/bellocapricho.com.br\/loja\/?post_type=product&#038;p=1387"},"modified":"2026-04-05T11:30:49","modified_gmt":"2026-04-05T14:30:49","slug":"clarificante-e-auxilia-filtracao-cinfloc-1l","status":"publish","type":"product","link":"https:\/\/bellocapricho.com.br\/loja\/index.php\/produto\/clarificante-e-auxilia-filtracao-cinfloc-1l\/","title":{"rendered":"CLARIFICANTE E AUXILIA FILTRA\u00c7\u00c3O CINFLOC 1L"},"content":{"rendered":"<p>ESPECIFICA\u00c7\u00d5ES:<\/p>\n<p>Principais usos do produto: \u00c9 um produto que age como floculante, decantador, clarificante e auxiliar de filtra\u00e7\u00e3o, a<br \/>\nbase de Policloreto de Alum\u00ednio, produzido com mat\u00e9ria prima de alta qualidade, totalmente eficaz, destinado a<br \/>\ndecantar as impurezas dissolvidas em \u00e1guas de piscinas. Sua fun\u00e7\u00e3o \u00e9 o aumento das part\u00edculas em suspens\u00e3o na<br \/>\n\u00e1gua, fazendo com que estas part\u00edculas sejam retidas pelo filtro, eliminando a turbidez da \u00e1gua. Cinfloc confere \u00e0s<br \/>\n\u00e1guas de piscinas, uma clarifica\u00e7\u00e3o extraordin\u00e1ria, devido a elimina\u00e7\u00e3o de part\u00edculas microsc\u00f3picas que passam<br \/>\npelos filtros, sem serem retidas.<br \/>\nDosagem: Verificar o pH da piscina, desej\u00e1vel \u00e9 entre 7,0 e 7,4; a alcalinidade total entre 80e 120ppm. Com o filtro<br \/>\nem funcionamento adicione 2ml de produto para cada 1000L de \u00e1gua (1m3<br \/>\n). Se a \u00e1gua estiver muito suja adicionar<br \/>\n8ml de produto para cada 1000L de \u00e1gua (1m3<br \/>\n), circular bem a \u00e1gua da piscina. Deixar em repouso por 12 horas e<br \/>\nap\u00f3s aspirar o fundo da piscina na posi\u00e7\u00e3o drenar.<br \/>\nArmazenagem: Mantenha o produto em sua embalagem original e fora do alcance de crian\u00e7as e animais dom\u00e9sticos.<br \/>\nN\u00e3o reutilize a embalagem vazia. Mantenha o produto em local fresco e arejado, protegido do sol.<\/p>\n","protected":false},"excerpt":{"rendered":"<p>ESPECIFICA\u00c7\u00d5ES: Principais usos do produto: \u00c9 um produto que age como floculante, decantador, clarificante e auxiliar de filtra\u00e7\u00e3o, a base de Policloreto de Alum\u00ednio, produzido com mat\u00e9ria prima de alta qualidade, totalmente eficaz, destinado a decantar as impurezas dissolvidas em \u00e1guas de piscinas. Sua fun\u00e7\u00e3o&hellip;<\/p>\n","protected":false},"featured_media":1388,"template":"","meta":[],"product_brand":[],"product_cat":[86],"product_tag":[],"class_list":{"0":"post-1387","1":"product","2":"type-product","3":"status-publish","4":"has-post-thumbnail","6":"product_cat-produtos-de-piscina","8":"first","9":"instock","10":"shipping-taxable","11":"purchasable","12":"product-type-simple"},"_links":{"self":[{"href":"https:\/\/bellocapricho.com.br\/loja\/index.php\/wp-json\/wp\/v2\/product\/1387","targetHints":{"allow":["GET"]}}],"collection":[{"href":"https:\/\/bellocapricho.com.br\/loja\/index.php\/wp-json\/wp\/v2\/product"}],"about":[{"href":"https:\/\/bellocapricho.com.br\/loja\/index.php\/wp-json\/wp\/v2\/types\/product"}],"wp:featuredmedia":[{"embeddable":true,"href":"https:\/\/bellocapricho.com.br\/loja\/index.php\/wp-json\/wp\/v2\/media\/1388"}],"wp:attachment":[{"href":"https:\/\/bellocapricho.com.br\/loja\/index.php\/wp-json\/wp\/v2\/media?parent=1387"}],"wp:term":[{"taxonomy":"product_brand","embeddable":true,"href":"https:\/\/bellocapricho.com.br\/loja\/index.php\/wp-json\/wp\/v2\/product_brand?post=1387"},{"taxonomy":"product_cat","embeddable":true,"href":"https:\/\/bellocapricho.com.br\/loja\/index.php\/wp-json\/wp\/v2\/product_cat?post=1387"},{"taxonomy":"product_tag","embeddable":true,"href":"https:\/\/bellocapricho.com.br\/loja\/index.php\/wp-json\/wp\/v2\/product_tag?post=1387"}],"curies":[{"name":"wp","href":"https:\/\/api.w.org\/{rel}","templated":true}]}}