{"id":1379,"date":"2025-01-08T15:23:30","date_gmt":"2025-01-08T18:23:30","guid":{"rendered":"https:\/\/bellocapricho.com.br\/loja\/?post_type=product&#038;p=1379"},"modified":"2026-04-05T11:30:50","modified_gmt":"2026-04-05T14:30:50","slug":"clorador-flutuante-p-pastilha-medio","status":"publish","type":"product","link":"https:\/\/bellocapricho.com.br\/loja\/index.php\/produto\/clorador-flutuante-p-pastilha-medio\/","title":{"rendered":"CLORADOR FLUTUANTE P\/PASTILHA MEDIO"},"content":{"rendered":"<p>O Clorador Flutuante s\u00e3o pe\u00e7as decorativas confeccionadas em pl\u00e1stico resistente ao cloro e \u00e0s intemp\u00e9ries, utilizados para reduzir a tarefa de clora\u00e7\u00e3o e de manuseio do cloro, em conjunto com os Cloros em Tabletes. Indicado para auxiliar a clora\u00e7\u00e3o de manuten\u00e7\u00e3o cont\u00ednua, para \u00e1gua de piscina estabilizada de azulejo, pintura, fibra e vinil, residencial e institucional. Com os par\u00e2metros da \u00e1gua da piscina estabilizados.<\/p>\n","protected":false},"excerpt":{"rendered":"<p>O Clorador Flutuante s\u00e3o pe\u00e7as decorativas confeccionadas em pl\u00e1stico resistente ao cloro e \u00e0s intemp\u00e9ries, utilizados para reduzir a tarefa de clora\u00e7\u00e3o e de manuseio do cloro, em conjunto com os Cloros em Tabletes. Indicado para auxiliar a clora\u00e7\u00e3o de manuten\u00e7\u00e3o cont\u00ednua, para \u00e1gua de&hellip;<\/p>\n","protected":false},"featured_media":1380,"template":"","meta":[],"product_brand":[],"product_cat":[86],"product_tag":[],"class_list":{"0":"post-1379","1":"product","2":"type-product","3":"status-publish","4":"has-post-thumbnail","6":"product_cat-produtos-de-piscina","8":"first","9":"instock","10":"shipping-taxable","11":"purchasable","12":"product-type-simple"},"_links":{"self":[{"href":"https:\/\/bellocapricho.com.br\/loja\/index.php\/wp-json\/wp\/v2\/product\/1379","targetHints":{"allow":["GET"]}}],"collection":[{"href":"https:\/\/bellocapricho.com.br\/loja\/index.php\/wp-json\/wp\/v2\/product"}],"about":[{"href":"https:\/\/bellocapricho.com.br\/loja\/index.php\/wp-json\/wp\/v2\/types\/product"}],"wp:featuredmedia":[{"embeddable":true,"href":"https:\/\/bellocapricho.com.br\/loja\/index.php\/wp-json\/wp\/v2\/media\/1380"}],"wp:attachment":[{"href":"https:\/\/bellocapricho.com.br\/loja\/index.php\/wp-json\/wp\/v2\/media?parent=1379"}],"wp:term":[{"taxonomy":"product_brand","embeddable":true,"href":"https:\/\/bellocapricho.com.br\/loja\/index.php\/wp-json\/wp\/v2\/product_brand?post=1379"},{"taxonomy":"product_cat","embeddable":true,"href":"https:\/\/bellocapricho.com.br\/loja\/index.php\/wp-json\/wp\/v2\/product_cat?post=1379"},{"taxonomy":"product_tag","embeddable":true,"href":"https:\/\/bellocapricho.com.br\/loja\/index.php\/wp-json\/wp\/v2\/product_tag?post=1379"}],"curies":[{"name":"wp","href":"https:\/\/api.w.org\/{rel}","templated":true}]}}